{"id":71,"date":"2017-12-19T16:30:07","date_gmt":"2017-12-19T16:30:07","guid":{"rendered":"http:\/\/localhost\/weblusol\/?post_type=product&#038;p=71"},"modified":"2023-05-24T19:24:27","modified_gmt":"2023-05-24T22:24:27","slug":"pintura-para-pisos","status":"publish","type":"product","link":"https:\/\/www.lusol.com.uy\/index.php\/producto\/pintura-para-pisos\/","title":{"rendered":"Pintura para Pisos"},"content":{"rendered":"","protected":false},"excerpt":{"rendered":"<h2><span style=\"color: #ff7d23;\"><strong>PINTURA PARA PISOS<\/strong> <\/span><\/h2>\n<ul>\n<li>\u00d3ptima Adherencia<\/li>\n<li>Gran resistencia al desgaste<\/li>\n<li>Excelente poder cubritivo<\/li>\n<li>Uso Interior y exterior<\/li>\n<\/ul>\n<p>Recubrimiento acr\u00edlico de acabado semi mate y gran resistencia mec\u00e1nica, destinado para la protecci\u00f3n y decoraci\u00f3n de pisos de hormig\u00f3n, cemento, ladrillos, alisados y canchas deportivas (papi-f\u00fatbol, tenis, paddle), tanto en ambientes interiores como exteriores. No apto para pisos de garage y estacionamientos con tr\u00e1nsito vehicular. Presenta m\u00e1xima adherencia, excelente poder cubritivo y r\u00e1pido secado.<\/p>\n<p><img loading=\"lazy\" decoding=\"async\" class=\"alignnone wp-image-94\" src=\"https:\/\/www.lusol.com.uy\/wp-content\/uploads\/2017\/12\/colores-pisos.png\" alt=\"\" width=\"509\" height=\"222\" srcset=\"https:\/\/www.lusol.com.uy\/wp-content\/uploads\/2017\/12\/colores-pisos.png 517w, https:\/\/www.lusol.com.uy\/wp-content\/uploads\/2017\/12\/colores-pisos-300x131.png 300w\" sizes=\"auto, (max-width: 509px) 100vw, 509px\" \/><\/p>\n<table class=\"aligncenter\">\n<tbody>\n<tr>\n<th style=\"text-align: center;\">Rendimiento<\/th>\n<th>Secado<\/th>\n<th>Acabado<\/th>\n<\/tr>\n<tr>\n<td>12 a 16m2<br \/>\n(por litro y por mano)<\/td>\n<td>1ra mano 24hs<br \/>\nManos siguientes 6 horas<\/td>\n<td>Semi Mate<\/td>\n<\/tr>\n<\/tbody>\n<\/table>\n<p>&nbsp;<\/p>\n<p><a class=\"btn btn-dark\" href=\"https:\/\/www.lusol.com.uy\/wp-content\/uploads\/2017\/12\/FICHA-TECNICA-LUSOL_PISOS.pdf\" target=\"_blank\" rel=\"noopener\">Ver Ficha T\u00e9cnica<\/a><\/p>\n<p><a class=\"btn btn-dark\" href=\"https:\/\/www.lusol.com.uy\/wp-content\/uploads\/2017\/12\/CARTA-COLORES-PISOS-LUSOL.pdf\" target=\"_blank\" rel=\"noopener\">Ver paleta de colores<\/a><\/p>\n","protected":false},"featured_media":35,"template":"","meta":{"_acf_changed":false},"product_brand":[],"product_cat":[25],"product_tag":[],"class_list":{"0":"post-71","1":"product","2":"type-product","3":"status-publish","4":"has-post-thumbnail","6":"product_cat-especialidades","8":"first","9":"instock","10":"shipping-taxable","11":"product-type-simple"},"acf":[],"yoast_head":"<!-- This site is optimized with the Yoast SEO plugin v27.4 - https:\/\/yoast.com\/product\/yoast-seo-wordpress\/ -->\n<title>Pintura para Pisos - Lusol<\/title>\n<meta name=\"robots\" content=\"index, follow, max-snippet:-1, max-image-preview:large, max-video-preview:-1\" \/>\n<link rel=\"canonical\" href=\"https:\/\/www.lusol.com.uy\/index.php\/producto\/pintura-para-pisos\/\" \/>\n<meta property=\"og:locale\" content=\"es_ES\" \/>\n<meta property=\"og:type\" content=\"article\" \/>\n<meta property=\"og:title\" content=\"Pintura para Pisos - Lusol\" \/>\n<meta property=\"og:description\" content=\"PINTURA PARA PISOS    \u00d3ptima Adherencia  Gran resistencia al desgaste  Excelente poder cubritivo  Uso Interior y exterior  Recubrimiento acr\u00edlico de acabado semi mate y gran resistencia mec\u00e1nica, destinado para la protecci\u00f3n y decoraci\u00f3n de pisos de hormig\u00f3n, cemento, ladrillos, alisados y canchas deportivas (papi-f\u00fatbol, tenis, paddle), tanto en ambientes interiores como exteriores. No apto para pisos de garage y estacionamientos con tr\u00e1nsito vehicular. Presenta m\u00e1xima adherencia, excelente poder cubritivo y r\u00e1pido secado.      Rendimiento Secado Acabado   12 a 16m2 (por litro y por mano) 1ra mano 24hs Manos siguientes 6 horas Semi Mate    &nbsp;  Ver Ficha T\u00e9cnica  Ver paleta de colores\" \/>\n<meta property=\"og:url\" content=\"https:\/\/www.lusol.com.uy\/index.php\/producto\/pintura-para-pisos\/\" \/>\n<meta property=\"og:site_name\" content=\"LUSOL Pinturas\" \/>\n<meta property=\"article:modified_time\" content=\"2023-05-24T22:24:27+00:00\" \/>\n<meta property=\"og:image\" content=\"https:\/\/www.lusol.com.uy\/wp-content\/uploads\/2017\/12\/LUSOL-Pintura-para-pisos-982x1024.png\" \/>\n\t<meta property=\"og:image:width\" content=\"982\" \/>\n\t<meta property=\"og:image:height\" content=\"1024\" \/>\n\t<meta property=\"og:image:type\" content=\"image\/png\" \/>\n<meta name=\"twitter:card\" content=\"summary_large_image\" \/>\n<script type=\"application\/ld+json\" class=\"yoast-schema-graph\">{\"@context\":\"https:\\\/\\\/schema.org\",\"@graph\":[{\"@type\":\"WebPage\",\"@id\":\"https:\\\/\\\/www.lusol.com.uy\\\/index.php\\\/producto\\\/pintura-para-pisos\\\/\",\"url\":\"https:\\\/\\\/www.lusol.com.uy\\\/index.php\\\/producto\\\/pintura-para-pisos\\\/\",\"name\":\"Pintura para Pisos - Lusol\",\"isPartOf\":{\"@id\":\"https:\\\/\\\/www.lusol.com.uy\\\/#website\"},\"primaryImageOfPage\":{\"@id\":\"https:\\\/\\\/www.lusol.com.uy\\\/index.php\\\/producto\\\/pintura-para-pisos\\\/#primaryimage\"},\"image\":{\"@id\":\"https:\\\/\\\/www.lusol.com.uy\\\/index.php\\\/producto\\\/pintura-para-pisos\\\/#primaryimage\"},\"thumbnailUrl\":\"https:\\\/\\\/www.lusol.com.uy\\\/wp-content\\\/uploads\\\/2017\\\/12\\\/LUSOL-Pintura-para-pisos.png\",\"datePublished\":\"2017-12-19T16:30:07+00:00\",\"dateModified\":\"2023-05-24T22:24:27+00:00\",\"breadcrumb\":{\"@id\":\"https:\\\/\\\/www.lusol.com.uy\\\/index.php\\\/producto\\\/pintura-para-pisos\\\/#breadcrumb\"},\"inLanguage\":\"es\",\"potentialAction\":[{\"@type\":\"ReadAction\",\"target\":[\"https:\\\/\\\/www.lusol.com.uy\\\/index.php\\\/producto\\\/pintura-para-pisos\\\/\"]}]},{\"@type\":\"ImageObject\",\"inLanguage\":\"es\",\"@id\":\"https:\\\/\\\/www.lusol.com.uy\\\/index.php\\\/producto\\\/pintura-para-pisos\\\/#primaryimage\",\"url\":\"https:\\\/\\\/www.lusol.com.uy\\\/wp-content\\\/uploads\\\/2017\\\/12\\\/LUSOL-Pintura-para-pisos.png\",\"contentUrl\":\"https:\\\/\\\/www.lusol.com.uy\\\/wp-content\\\/uploads\\\/2017\\\/12\\\/LUSOL-Pintura-para-pisos.png\",\"width\":2796,\"height\":2916},{\"@type\":\"BreadcrumbList\",\"@id\":\"https:\\\/\\\/www.lusol.com.uy\\\/index.php\\\/producto\\\/pintura-para-pisos\\\/#breadcrumb\",\"itemListElement\":[{\"@type\":\"ListItem\",\"position\":1,\"name\":\"Portada\",\"item\":\"https:\\\/\\\/www.lusol.com.uy\\\/\"},{\"@type\":\"ListItem\",\"position\":2,\"name\":\"LUSOL Pinturas\",\"item\":\"https:\\\/\\\/www.lusol.com.uy\\\/\"},{\"@type\":\"ListItem\",\"position\":3,\"name\":\"Pintura para Pisos\"}]},{\"@type\":\"WebSite\",\"@id\":\"https:\\\/\\\/www.lusol.com.uy\\\/#website\",\"url\":\"https:\\\/\\\/www.lusol.com.uy\\\/\",\"name\":\"LUSOL Pinturas\",\"description\":\"\",\"potentialAction\":[{\"@type\":\"SearchAction\",\"target\":{\"@type\":\"EntryPoint\",\"urlTemplate\":\"https:\\\/\\\/www.lusol.com.uy\\\/?s={search_term_string}\"},\"query-input\":{\"@type\":\"PropertyValueSpecification\",\"valueRequired\":true,\"valueName\":\"search_term_string\"}}],\"inLanguage\":\"es\"}]}<\/script>\n<!-- \/ Yoast SEO plugin. -->","yoast_head_json":{"title":"Pintura para Pisos - Lusol","robots":{"index":"index","follow":"follow","max-snippet":"max-snippet:-1","max-image-preview":"max-image-preview:large","max-video-preview":"max-video-preview:-1"},"canonical":"https:\/\/www.lusol.com.uy\/index.php\/producto\/pintura-para-pisos\/","og_locale":"es_ES","og_type":"article","og_title":"Pintura para Pisos - Lusol","og_description":"PINTURA PARA PISOS    \u00d3ptima Adherencia  Gran resistencia al desgaste  Excelente poder cubritivo  Uso Interior y exterior  Recubrimiento acr\u00edlico de acabado semi mate y gran resistencia mec\u00e1nica, destinado para la protecci\u00f3n y decoraci\u00f3n de pisos de hormig\u00f3n, cemento, ladrillos, alisados y canchas deportivas (papi-f\u00fatbol, tenis, paddle), tanto en ambientes interiores como exteriores. No apto para pisos de garage y estacionamientos con tr\u00e1nsito vehicular. Presenta m\u00e1xima adherencia, excelente poder cubritivo y r\u00e1pido secado.      Rendimiento Secado Acabado   12 a 16m2 (por litro y por mano) 1ra mano 24hs Manos siguientes 6 horas Semi Mate    &nbsp;  Ver Ficha T\u00e9cnica  Ver paleta de colores","og_url":"https:\/\/www.lusol.com.uy\/index.php\/producto\/pintura-para-pisos\/","og_site_name":"LUSOL Pinturas","article_modified_time":"2023-05-24T22:24:27+00:00","og_image":[{"width":982,"height":1024,"url":"https:\/\/www.lusol.com.uy\/wp-content\/uploads\/2017\/12\/LUSOL-Pintura-para-pisos-982x1024.png","type":"image\/png"}],"twitter_card":"summary_large_image","schema":{"@context":"https:\/\/schema.org","@graph":[{"@type":"WebPage","@id":"https:\/\/www.lusol.com.uy\/index.php\/producto\/pintura-para-pisos\/","url":"https:\/\/www.lusol.com.uy\/index.php\/producto\/pintura-para-pisos\/","name":"Pintura para Pisos - Lusol","isPartOf":{"@id":"https:\/\/www.lusol.com.uy\/#website"},"primaryImageOfPage":{"@id":"https:\/\/www.lusol.com.uy\/index.php\/producto\/pintura-para-pisos\/#primaryimage"},"image":{"@id":"https:\/\/www.lusol.com.uy\/index.php\/producto\/pintura-para-pisos\/#primaryimage"},"thumbnailUrl":"https:\/\/www.lusol.com.uy\/wp-content\/uploads\/2017\/12\/LUSOL-Pintura-para-pisos.png","datePublished":"2017-12-19T16:30:07+00:00","dateModified":"2023-05-24T22:24:27+00:00","breadcrumb":{"@id":"https:\/\/www.lusol.com.uy\/index.php\/producto\/pintura-para-pisos\/#breadcrumb"},"inLanguage":"es","potentialAction":[{"@type":"ReadAction","target":["https:\/\/www.lusol.com.uy\/index.php\/producto\/pintura-para-pisos\/"]}]},{"@type":"ImageObject","inLanguage":"es","@id":"https:\/\/www.lusol.com.uy\/index.php\/producto\/pintura-para-pisos\/#primaryimage","url":"https:\/\/www.lusol.com.uy\/wp-content\/uploads\/2017\/12\/LUSOL-Pintura-para-pisos.png","contentUrl":"https:\/\/www.lusol.com.uy\/wp-content\/uploads\/2017\/12\/LUSOL-Pintura-para-pisos.png","width":2796,"height":2916},{"@type":"BreadcrumbList","@id":"https:\/\/www.lusol.com.uy\/index.php\/producto\/pintura-para-pisos\/#breadcrumb","itemListElement":[{"@type":"ListItem","position":1,"name":"Portada","item":"https:\/\/www.lusol.com.uy\/"},{"@type":"ListItem","position":2,"name":"LUSOL Pinturas","item":"https:\/\/www.lusol.com.uy\/"},{"@type":"ListItem","position":3,"name":"Pintura para Pisos"}]},{"@type":"WebSite","@id":"https:\/\/www.lusol.com.uy\/#website","url":"https:\/\/www.lusol.com.uy\/","name":"LUSOL Pinturas","description":"","potentialAction":[{"@type":"SearchAction","target":{"@type":"EntryPoint","urlTemplate":"https:\/\/www.lusol.com.uy\/?s={search_term_string}"},"query-input":{"@type":"PropertyValueSpecification","valueRequired":true,"valueName":"search_term_string"}}],"inLanguage":"es"}]}},"_links":{"self":[{"href":"https:\/\/www.lusol.com.uy\/index.php\/wp-json\/wp\/v2\/product\/71","targetHints":{"allow":["GET"]}}],"collection":[{"href":"https:\/\/www.lusol.com.uy\/index.php\/wp-json\/wp\/v2\/product"}],"about":[{"href":"https:\/\/www.lusol.com.uy\/index.php\/wp-json\/wp\/v2\/types\/product"}],"wp:featuredmedia":[{"embeddable":true,"href":"https:\/\/www.lusol.com.uy\/index.php\/wp-json\/wp\/v2\/media\/35"}],"wp:attachment":[{"href":"https:\/\/www.lusol.com.uy\/index.php\/wp-json\/wp\/v2\/media?parent=71"}],"wp:term":[{"taxonomy":"product_brand","embeddable":true,"href":"https:\/\/www.lusol.com.uy\/index.php\/wp-json\/wp\/v2\/product_brand?post=71"},{"taxonomy":"product_cat","embeddable":true,"href":"https:\/\/www.lusol.com.uy\/index.php\/wp-json\/wp\/v2\/product_cat?post=71"},{"taxonomy":"product_tag","embeddable":true,"href":"https:\/\/www.lusol.com.uy\/index.php\/wp-json\/wp\/v2\/product_tag?post=71"}],"curies":[{"name":"wp","href":"https:\/\/api.w.org\/{rel}","templated":true}]}}