{"id":47,"date":"2017-12-16T21:18:51","date_gmt":"2017-12-16T21:18:51","guid":{"rendered":"http:\/\/localhost\/weblusol\/?post_type=product&#038;p=47"},"modified":"2023-05-24T19:24:35","modified_gmt":"2023-05-24T22:24:35","slug":"impermeabilizante-frentes","status":"publish","type":"product","link":"https:\/\/www.lusol.com.uy\/index.php\/producto\/impermeabilizante-frentes\/","title":{"rendered":"Impermeabilizante de Frentes"},"content":{"rendered":"","protected":false},"excerpt":{"rendered":"<h2><span style=\"color: #4e887b;\"><strong>IMPERMEABILIZANTE DE FRENTES\u00a0<\/strong><\/span><\/h2>\n<ul>\n<li style=\"text-align: left;\">El\u00e1stico<\/li>\n<li style=\"text-align: left;\">Antihongo y antialga<\/li>\n<li style=\"text-align: left;\">Gran resistencia a la intemperie<\/li>\n<li style=\"text-align: left;\">Cubre grietas y fisuras<\/li>\n<\/ul>\n<p>Impermeabilizante acr\u00edlico, de terminaci\u00f3n semi-mate, especialmente dise\u00f1ado para la protecci\u00f3n de superficies verticales expuestas a la intemperie. Su f\u00f3rmula de especial elasticidad y poder de relleno asegura el sellado de peque\u00f1as fisuras formando una pel\u00edcula de alta resistencia al agua en intemperie, que impide filtraciones de agua de lluvia. Evita la formaci\u00f3n de hongos y algas.<\/p>\n<p><img loading=\"lazy\" decoding=\"async\" class=\"alignnone wp-image-209\" src=\"https:\/\/www.lusol.com.uy\/wp-content\/uploads\/2017\/12\/Solo-blanco.png\" alt=\"\" width=\"387\" height=\"116\" srcset=\"https:\/\/www.lusol.com.uy\/wp-content\/uploads\/2017\/12\/Solo-blanco.png 307w, https:\/\/www.lusol.com.uy\/wp-content\/uploads\/2017\/12\/Solo-blanco-300x90.png 300w\" sizes=\"auto, (max-width: 387px) 100vw, 387px\" \/><\/p>\n<table class=\"aligncenter\">\n<tbody>\n<tr>\n<th style=\"text-align: center;\">Rendimiento<\/th>\n<th>Secado<\/th>\n<th>Acabado<\/th>\n<\/tr>\n<tr>\n<td>1L cada 3m2<br \/>\n(trabajo terminado)<\/td>\n<td>1 hora<br \/>\nRepintado a las 4 horas<\/td>\n<td>Semi Mate<\/td>\n<\/tr>\n<\/tbody>\n<\/table>\n<p><a class=\"btn btn-dark\" href=\"https:\/\/www.lusol.com.uy\/wp-content\/uploads\/2017\/12\/FICHA-TECNICA-LUSOL_IMPERMEABILIZANTE.pdf\" target=\"_blank\" rel=\"noopener\">Ver ficha t\u00e9cnica<\/a><\/p>\n","protected":false},"featured_media":41,"template":"","meta":{"_acf_changed":false},"product_brand":[],"product_cat":[21],"product_tag":[],"class_list":{"0":"post-47","1":"product","2":"type-product","3":"status-publish","4":"has-post-thumbnail","6":"product_cat-impermeabilizantes-lusol","8":"first","9":"instock","10":"featured","11":"shipping-taxable","12":"product-type-simple"},"acf":[],"yoast_head":"<!-- This site is optimized with the Yoast SEO plugin v27.4 - https:\/\/yoast.com\/product\/yoast-seo-wordpress\/ -->\n<title>Impermeabilizante de Frentes - Lusol<\/title>\n<meta name=\"robots\" content=\"index, follow, max-snippet:-1, max-image-preview:large, max-video-preview:-1\" \/>\n<link rel=\"canonical\" href=\"https:\/\/www.lusol.com.uy\/index.php\/producto\/impermeabilizante-frentes\/\" \/>\n<meta property=\"og:locale\" content=\"es_ES\" \/>\n<meta property=\"og:type\" content=\"article\" \/>\n<meta property=\"og:title\" content=\"Impermeabilizante de Frentes - Lusol\" \/>\n<meta property=\"og:description\" content=\"IMPERMEABILIZANTE DE FRENTES\u00a0   El\u00e1stico  Antihongo y antialga  Gran resistencia a la intemperie  Cubre grietas y fisuras  Impermeabilizante acr\u00edlico, de terminaci\u00f3n semi-mate, especialmente dise\u00f1ado para la protecci\u00f3n de superficies verticales expuestas a la intemperie. Su f\u00f3rmula de especial elasticidad y poder de relleno asegura el sellado de peque\u00f1as fisuras formando una pel\u00edcula de alta resistencia al agua en intemperie, que impide filtraciones de agua de lluvia. Evita la formaci\u00f3n de hongos y algas.      Rendimiento Secado Acabado   1L cada 3m2 (trabajo terminado) 1 hora Repintado a las 4 horas Semi Mate    Ver ficha t\u00e9cnica\" \/>\n<meta property=\"og:url\" content=\"https:\/\/www.lusol.com.uy\/index.php\/producto\/impermeabilizante-frentes\/\" \/>\n<meta property=\"og:site_name\" content=\"LUSOL Pinturas\" \/>\n<meta property=\"article:modified_time\" content=\"2023-05-24T22:24:35+00:00\" \/>\n<meta property=\"og:image\" content=\"https:\/\/www.lusol.com.uy\/wp-content\/uploads\/2017\/12\/LUSOL-Impermeabilizante-de-frentes-982x1024.png\" \/>\n\t<meta property=\"og:image:width\" content=\"982\" \/>\n\t<meta property=\"og:image:height\" content=\"1024\" \/>\n\t<meta property=\"og:image:type\" content=\"image\/png\" \/>\n<meta name=\"twitter:card\" content=\"summary_large_image\" \/>\n<script type=\"application\/ld+json\" class=\"yoast-schema-graph\">{\"@context\":\"https:\\\/\\\/schema.org\",\"@graph\":[{\"@type\":\"WebPage\",\"@id\":\"https:\\\/\\\/www.lusol.com.uy\\\/index.php\\\/producto\\\/impermeabilizante-frentes\\\/\",\"url\":\"https:\\\/\\\/www.lusol.com.uy\\\/index.php\\\/producto\\\/impermeabilizante-frentes\\\/\",\"name\":\"Impermeabilizante de Frentes - Lusol\",\"isPartOf\":{\"@id\":\"https:\\\/\\\/www.lusol.com.uy\\\/#website\"},\"primaryImageOfPage\":{\"@id\":\"https:\\\/\\\/www.lusol.com.uy\\\/index.php\\\/producto\\\/impermeabilizante-frentes\\\/#primaryimage\"},\"image\":{\"@id\":\"https:\\\/\\\/www.lusol.com.uy\\\/index.php\\\/producto\\\/impermeabilizante-frentes\\\/#primaryimage\"},\"thumbnailUrl\":\"https:\\\/\\\/www.lusol.com.uy\\\/wp-content\\\/uploads\\\/2017\\\/12\\\/LUSOL-Impermeabilizante-de-frentes.png\",\"datePublished\":\"2017-12-16T21:18:51+00:00\",\"dateModified\":\"2023-05-24T22:24:35+00:00\",\"breadcrumb\":{\"@id\":\"https:\\\/\\\/www.lusol.com.uy\\\/index.php\\\/producto\\\/impermeabilizante-frentes\\\/#breadcrumb\"},\"inLanguage\":\"es\",\"potentialAction\":[{\"@type\":\"ReadAction\",\"target\":[\"https:\\\/\\\/www.lusol.com.uy\\\/index.php\\\/producto\\\/impermeabilizante-frentes\\\/\"]}]},{\"@type\":\"ImageObject\",\"inLanguage\":\"es\",\"@id\":\"https:\\\/\\\/www.lusol.com.uy\\\/index.php\\\/producto\\\/impermeabilizante-frentes\\\/#primaryimage\",\"url\":\"https:\\\/\\\/www.lusol.com.uy\\\/wp-content\\\/uploads\\\/2017\\\/12\\\/LUSOL-Impermeabilizante-de-frentes.png\",\"contentUrl\":\"https:\\\/\\\/www.lusol.com.uy\\\/wp-content\\\/uploads\\\/2017\\\/12\\\/LUSOL-Impermeabilizante-de-frentes.png\",\"width\":2796,\"height\":2916},{\"@type\":\"BreadcrumbList\",\"@id\":\"https:\\\/\\\/www.lusol.com.uy\\\/index.php\\\/producto\\\/impermeabilizante-frentes\\\/#breadcrumb\",\"itemListElement\":[{\"@type\":\"ListItem\",\"position\":1,\"name\":\"Portada\",\"item\":\"https:\\\/\\\/www.lusol.com.uy\\\/\"},{\"@type\":\"ListItem\",\"position\":2,\"name\":\"LUSOL Pinturas\",\"item\":\"https:\\\/\\\/www.lusol.com.uy\\\/\"},{\"@type\":\"ListItem\",\"position\":3,\"name\":\"Impermeabilizante de Frentes\"}]},{\"@type\":\"WebSite\",\"@id\":\"https:\\\/\\\/www.lusol.com.uy\\\/#website\",\"url\":\"https:\\\/\\\/www.lusol.com.uy\\\/\",\"name\":\"LUSOL Pinturas\",\"description\":\"\",\"potentialAction\":[{\"@type\":\"SearchAction\",\"target\":{\"@type\":\"EntryPoint\",\"urlTemplate\":\"https:\\\/\\\/www.lusol.com.uy\\\/?s={search_term_string}\"},\"query-input\":{\"@type\":\"PropertyValueSpecification\",\"valueRequired\":true,\"valueName\":\"search_term_string\"}}],\"inLanguage\":\"es\"}]}<\/script>\n<!-- \/ Yoast SEO plugin. -->","yoast_head_json":{"title":"Impermeabilizante de Frentes - Lusol","robots":{"index":"index","follow":"follow","max-snippet":"max-snippet:-1","max-image-preview":"max-image-preview:large","max-video-preview":"max-video-preview:-1"},"canonical":"https:\/\/www.lusol.com.uy\/index.php\/producto\/impermeabilizante-frentes\/","og_locale":"es_ES","og_type":"article","og_title":"Impermeabilizante de Frentes - Lusol","og_description":"IMPERMEABILIZANTE DE FRENTES\u00a0   El\u00e1stico  Antihongo y antialga  Gran resistencia a la intemperie  Cubre grietas y fisuras  Impermeabilizante acr\u00edlico, de terminaci\u00f3n semi-mate, especialmente dise\u00f1ado para la protecci\u00f3n de superficies verticales expuestas a la intemperie. Su f\u00f3rmula de especial elasticidad y poder de relleno asegura el sellado de peque\u00f1as fisuras formando una pel\u00edcula de alta resistencia al agua en intemperie, que impide filtraciones de agua de lluvia. Evita la formaci\u00f3n de hongos y algas.      Rendimiento Secado Acabado   1L cada 3m2 (trabajo terminado) 1 hora Repintado a las 4 horas Semi Mate    Ver ficha t\u00e9cnica","og_url":"https:\/\/www.lusol.com.uy\/index.php\/producto\/impermeabilizante-frentes\/","og_site_name":"LUSOL Pinturas","article_modified_time":"2023-05-24T22:24:35+00:00","og_image":[{"width":982,"height":1024,"url":"https:\/\/www.lusol.com.uy\/wp-content\/uploads\/2017\/12\/LUSOL-Impermeabilizante-de-frentes-982x1024.png","type":"image\/png"}],"twitter_card":"summary_large_image","schema":{"@context":"https:\/\/schema.org","@graph":[{"@type":"WebPage","@id":"https:\/\/www.lusol.com.uy\/index.php\/producto\/impermeabilizante-frentes\/","url":"https:\/\/www.lusol.com.uy\/index.php\/producto\/impermeabilizante-frentes\/","name":"Impermeabilizante de Frentes - Lusol","isPartOf":{"@id":"https:\/\/www.lusol.com.uy\/#website"},"primaryImageOfPage":{"@id":"https:\/\/www.lusol.com.uy\/index.php\/producto\/impermeabilizante-frentes\/#primaryimage"},"image":{"@id":"https:\/\/www.lusol.com.uy\/index.php\/producto\/impermeabilizante-frentes\/#primaryimage"},"thumbnailUrl":"https:\/\/www.lusol.com.uy\/wp-content\/uploads\/2017\/12\/LUSOL-Impermeabilizante-de-frentes.png","datePublished":"2017-12-16T21:18:51+00:00","dateModified":"2023-05-24T22:24:35+00:00","breadcrumb":{"@id":"https:\/\/www.lusol.com.uy\/index.php\/producto\/impermeabilizante-frentes\/#breadcrumb"},"inLanguage":"es","potentialAction":[{"@type":"ReadAction","target":["https:\/\/www.lusol.com.uy\/index.php\/producto\/impermeabilizante-frentes\/"]}]},{"@type":"ImageObject","inLanguage":"es","@id":"https:\/\/www.lusol.com.uy\/index.php\/producto\/impermeabilizante-frentes\/#primaryimage","url":"https:\/\/www.lusol.com.uy\/wp-content\/uploads\/2017\/12\/LUSOL-Impermeabilizante-de-frentes.png","contentUrl":"https:\/\/www.lusol.com.uy\/wp-content\/uploads\/2017\/12\/LUSOL-Impermeabilizante-de-frentes.png","width":2796,"height":2916},{"@type":"BreadcrumbList","@id":"https:\/\/www.lusol.com.uy\/index.php\/producto\/impermeabilizante-frentes\/#breadcrumb","itemListElement":[{"@type":"ListItem","position":1,"name":"Portada","item":"https:\/\/www.lusol.com.uy\/"},{"@type":"ListItem","position":2,"name":"LUSOL Pinturas","item":"https:\/\/www.lusol.com.uy\/"},{"@type":"ListItem","position":3,"name":"Impermeabilizante de Frentes"}]},{"@type":"WebSite","@id":"https:\/\/www.lusol.com.uy\/#website","url":"https:\/\/www.lusol.com.uy\/","name":"LUSOL Pinturas","description":"","potentialAction":[{"@type":"SearchAction","target":{"@type":"EntryPoint","urlTemplate":"https:\/\/www.lusol.com.uy\/?s={search_term_string}"},"query-input":{"@type":"PropertyValueSpecification","valueRequired":true,"valueName":"search_term_string"}}],"inLanguage":"es"}]}},"_links":{"self":[{"href":"https:\/\/www.lusol.com.uy\/index.php\/wp-json\/wp\/v2\/product\/47","targetHints":{"allow":["GET"]}}],"collection":[{"href":"https:\/\/www.lusol.com.uy\/index.php\/wp-json\/wp\/v2\/product"}],"about":[{"href":"https:\/\/www.lusol.com.uy\/index.php\/wp-json\/wp\/v2\/types\/product"}],"wp:featuredmedia":[{"embeddable":true,"href":"https:\/\/www.lusol.com.uy\/index.php\/wp-json\/wp\/v2\/media\/41"}],"wp:attachment":[{"href":"https:\/\/www.lusol.com.uy\/index.php\/wp-json\/wp\/v2\/media?parent=47"}],"wp:term":[{"taxonomy":"product_brand","embeddable":true,"href":"https:\/\/www.lusol.com.uy\/index.php\/wp-json\/wp\/v2\/product_brand?post=47"},{"taxonomy":"product_cat","embeddable":true,"href":"https:\/\/www.lusol.com.uy\/index.php\/wp-json\/wp\/v2\/product_cat?post=47"},{"taxonomy":"product_tag","embeddable":true,"href":"https:\/\/www.lusol.com.uy\/index.php\/wp-json\/wp\/v2\/product_tag?post=47"}],"curies":[{"name":"wp","href":"https:\/\/api.w.org\/{rel}","templated":true}]}}