{"id":226,"date":"2017-12-28T20:44:33","date_gmt":"2017-12-28T20:44:33","guid":{"rendered":"http:\/\/local.lusol.com.uy.vfct17011.avnam.net\/?post_type=product&#038;p=226"},"modified":"2023-05-24T19:52:10","modified_gmt":"2023-05-24T22:52:10","slug":"cielorrasos-antihongos-mate","status":"publish","type":"product","link":"https:\/\/www.lusol.com.uy\/index.php\/producto\/cielorrasos-antihongos-mate\/","title":{"rendered":"Cielorrasos Antihongos Mate"},"content":{"rendered":"","protected":false},"excerpt":{"rendered":"<h2><span style=\"color: #2b79c1;\"><strong>CIELORRASOS ANTIHONGOS MATE\u00a0<\/strong><\/span><\/h2>\n<ul>\n<li style=\"text-align: left;\">Antihongo y anticondensante<\/li>\n<li style=\"text-align: left;\">Excelente nivelaci\u00f3n<\/li>\n<li style=\"text-align: left;\">Bajo salpicado<\/li>\n<li style=\"text-align: left;\">Muy buen poder cubritivo<\/li>\n<\/ul>\n<p>Espacialmente desarrollado para decorar y proteger cielorrasos. Su condici\u00f3n de antihongos evita o retarda significativamente la aparici\u00f3n de hongos en ambientes h\u00famedos. Presenta una terminaci\u00f3n de gran nivelaci\u00f3n y porosidad, evitando de esta forma la condensaci\u00f3n de humedad, lo que la hace indicada en cocinas y ba\u00f1os.<\/p>\n<p><img loading=\"lazy\" decoding=\"async\" class=\"alignnone wp-image-209\" src=\"https:\/\/www.lusol.com.uy\/wp-content\/uploads\/2017\/12\/Solo-blanco.png\" alt=\"\" width=\"351\" height=\"105\" srcset=\"https:\/\/www.lusol.com.uy\/wp-content\/uploads\/2017\/12\/Solo-blanco.png 307w, https:\/\/www.lusol.com.uy\/wp-content\/uploads\/2017\/12\/Solo-blanco-300x90.png 300w\" sizes=\"auto, (max-width: 351px) 100vw, 351px\" \/><\/p>\n<table class=\"aligncenter\">\n<tbody>\n<tr>\n<th style=\"text-align: center;\">Rendimiento<\/th>\n<th>Secado<\/th>\n<th>Acabado<\/th>\n<\/tr>\n<tr>\n<td>10 a 12m2<br \/>\n(por litro y por mano)<\/td>\n<td>2 horas<br \/>\nRepintado a las 4 horas<\/td>\n<td>Mate<\/td>\n<\/tr>\n<\/tbody>\n<\/table>\n<p><a class=\"btn btn-dark\" href=\"https:\/\/www.lusol.com.uy\/wp-content\/uploads\/2017\/12\/FICHA-TECNICA-LUSOL_CIELORRASOS.pdf\" target=\"_blank\" rel=\"noopener\">Ver ficha t\u00e9cnica<\/a><\/p>\n","protected":false},"featured_media":42,"template":"","meta":{"_acf_changed":false},"product_brand":[],"product_cat":[22],"product_tag":[],"class_list":{"0":"post-226","1":"product","2":"type-product","3":"status-publish","4":"has-post-thumbnail","6":"product_cat-latex-premium-lusol","8":"first","9":"instock","10":"shipping-taxable","11":"product-type-simple"},"acf":[],"yoast_head":"<!-- This site is optimized with the Yoast SEO plugin v27.4 - https:\/\/yoast.com\/product\/yoast-seo-wordpress\/ -->\n<title>Cielorrasos Antihongos Mate<\/title>\n<meta name=\"robots\" content=\"index, follow, max-snippet:-1, max-image-preview:large, max-video-preview:-1\" \/>\n<link rel=\"canonical\" href=\"https:\/\/www.lusol.com.uy\/index.php\/producto\/cielorrasos-antihongos-mate\/\" \/>\n<meta property=\"og:locale\" content=\"es_ES\" \/>\n<meta property=\"og:type\" content=\"article\" \/>\n<meta property=\"og:title\" content=\"Cielorrasos Antihongos Mate\" \/>\n<meta property=\"og:description\" content=\"CIELORRASOS ANTIHONGOS MATE\u00a0   Antihongo y anticondensante  Excelente nivelaci\u00f3n  Bajo salpicado  Muy buen poder cubritivo  Espacialmente desarrollado para decorar y proteger cielorrasos. Su condici\u00f3n de antihongos evita o retarda significativamente la aparici\u00f3n de hongos en ambientes h\u00famedos. Presenta una terminaci\u00f3n de gran nivelaci\u00f3n y porosidad, evitando de esta forma la condensaci\u00f3n de humedad, lo que la hace indicada en cocinas y ba\u00f1os.      Rendimiento Secado Acabado   10 a 12m2 (por litro y por mano) 2 horas Repintado a las 4 horas Mate    Ver ficha t\u00e9cnica\" \/>\n<meta property=\"og:url\" content=\"https:\/\/www.lusol.com.uy\/index.php\/producto\/cielorrasos-antihongos-mate\/\" \/>\n<meta property=\"og:site_name\" content=\"LUSOL Pinturas\" \/>\n<meta property=\"article:modified_time\" content=\"2023-05-24T22:52:10+00:00\" \/>\n<meta property=\"og:image\" content=\"https:\/\/www.lusol.com.uy\/wp-content\/uploads\/2017\/12\/LUSOL-Cielorrasos-982x1024.png\" \/>\n\t<meta property=\"og:image:width\" content=\"982\" \/>\n\t<meta property=\"og:image:height\" content=\"1024\" \/>\n\t<meta property=\"og:image:type\" content=\"image\/png\" \/>\n<meta name=\"twitter:card\" content=\"summary_large_image\" \/>\n<script type=\"application\/ld+json\" class=\"yoast-schema-graph\">{\"@context\":\"https:\\\/\\\/schema.org\",\"@graph\":[{\"@type\":\"WebPage\",\"@id\":\"https:\\\/\\\/www.lusol.com.uy\\\/index.php\\\/producto\\\/cielorrasos-antihongos-mate\\\/\",\"url\":\"https:\\\/\\\/www.lusol.com.uy\\\/index.php\\\/producto\\\/cielorrasos-antihongos-mate\\\/\",\"name\":\"Cielorrasos Antihongos Mate\",\"isPartOf\":{\"@id\":\"https:\\\/\\\/www.lusol.com.uy\\\/#website\"},\"primaryImageOfPage\":{\"@id\":\"https:\\\/\\\/www.lusol.com.uy\\\/index.php\\\/producto\\\/cielorrasos-antihongos-mate\\\/#primaryimage\"},\"image\":{\"@id\":\"https:\\\/\\\/www.lusol.com.uy\\\/index.php\\\/producto\\\/cielorrasos-antihongos-mate\\\/#primaryimage\"},\"thumbnailUrl\":\"https:\\\/\\\/www.lusol.com.uy\\\/wp-content\\\/uploads\\\/2017\\\/12\\\/LUSOL-Cielorrasos.png\",\"datePublished\":\"2017-12-28T20:44:33+00:00\",\"dateModified\":\"2023-05-24T22:52:10+00:00\",\"breadcrumb\":{\"@id\":\"https:\\\/\\\/www.lusol.com.uy\\\/index.php\\\/producto\\\/cielorrasos-antihongos-mate\\\/#breadcrumb\"},\"inLanguage\":\"es\",\"potentialAction\":[{\"@type\":\"ReadAction\",\"target\":[\"https:\\\/\\\/www.lusol.com.uy\\\/index.php\\\/producto\\\/cielorrasos-antihongos-mate\\\/\"]}]},{\"@type\":\"ImageObject\",\"inLanguage\":\"es\",\"@id\":\"https:\\\/\\\/www.lusol.com.uy\\\/index.php\\\/producto\\\/cielorrasos-antihongos-mate\\\/#primaryimage\",\"url\":\"https:\\\/\\\/www.lusol.com.uy\\\/wp-content\\\/uploads\\\/2017\\\/12\\\/LUSOL-Cielorrasos.png\",\"contentUrl\":\"https:\\\/\\\/www.lusol.com.uy\\\/wp-content\\\/uploads\\\/2017\\\/12\\\/LUSOL-Cielorrasos.png\",\"width\":2796,\"height\":2916},{\"@type\":\"BreadcrumbList\",\"@id\":\"https:\\\/\\\/www.lusol.com.uy\\\/index.php\\\/producto\\\/cielorrasos-antihongos-mate\\\/#breadcrumb\",\"itemListElement\":[{\"@type\":\"ListItem\",\"position\":1,\"name\":\"Portada\",\"item\":\"https:\\\/\\\/www.lusol.com.uy\\\/\"},{\"@type\":\"ListItem\",\"position\":2,\"name\":\"LUSOL Pinturas\",\"item\":\"https:\\\/\\\/www.lusol.com.uy\\\/\"},{\"@type\":\"ListItem\",\"position\":3,\"name\":\"Cielorrasos Antihongos Mate\"}]},{\"@type\":\"WebSite\",\"@id\":\"https:\\\/\\\/www.lusol.com.uy\\\/#website\",\"url\":\"https:\\\/\\\/www.lusol.com.uy\\\/\",\"name\":\"LUSOL Pinturas\",\"description\":\"\",\"potentialAction\":[{\"@type\":\"SearchAction\",\"target\":{\"@type\":\"EntryPoint\",\"urlTemplate\":\"https:\\\/\\\/www.lusol.com.uy\\\/?s={search_term_string}\"},\"query-input\":{\"@type\":\"PropertyValueSpecification\",\"valueRequired\":true,\"valueName\":\"search_term_string\"}}],\"inLanguage\":\"es\"}]}<\/script>\n<!-- \/ Yoast SEO plugin. -->","yoast_head_json":{"title":"Cielorrasos Antihongos Mate","robots":{"index":"index","follow":"follow","max-snippet":"max-snippet:-1","max-image-preview":"max-image-preview:large","max-video-preview":"max-video-preview:-1"},"canonical":"https:\/\/www.lusol.com.uy\/index.php\/producto\/cielorrasos-antihongos-mate\/","og_locale":"es_ES","og_type":"article","og_title":"Cielorrasos Antihongos Mate","og_description":"CIELORRASOS ANTIHONGOS MATE\u00a0   Antihongo y anticondensante  Excelente nivelaci\u00f3n  Bajo salpicado  Muy buen poder cubritivo  Espacialmente desarrollado para decorar y proteger cielorrasos. Su condici\u00f3n de antihongos evita o retarda significativamente la aparici\u00f3n de hongos en ambientes h\u00famedos. Presenta una terminaci\u00f3n de gran nivelaci\u00f3n y porosidad, evitando de esta forma la condensaci\u00f3n de humedad, lo que la hace indicada en cocinas y ba\u00f1os.      Rendimiento Secado Acabado   10 a 12m2 (por litro y por mano) 2 horas Repintado a las 4 horas Mate    Ver ficha t\u00e9cnica","og_url":"https:\/\/www.lusol.com.uy\/index.php\/producto\/cielorrasos-antihongos-mate\/","og_site_name":"LUSOL Pinturas","article_modified_time":"2023-05-24T22:52:10+00:00","og_image":[{"width":982,"height":1024,"url":"https:\/\/www.lusol.com.uy\/wp-content\/uploads\/2017\/12\/LUSOL-Cielorrasos-982x1024.png","type":"image\/png"}],"twitter_card":"summary_large_image","schema":{"@context":"https:\/\/schema.org","@graph":[{"@type":"WebPage","@id":"https:\/\/www.lusol.com.uy\/index.php\/producto\/cielorrasos-antihongos-mate\/","url":"https:\/\/www.lusol.com.uy\/index.php\/producto\/cielorrasos-antihongos-mate\/","name":"Cielorrasos Antihongos Mate","isPartOf":{"@id":"https:\/\/www.lusol.com.uy\/#website"},"primaryImageOfPage":{"@id":"https:\/\/www.lusol.com.uy\/index.php\/producto\/cielorrasos-antihongos-mate\/#primaryimage"},"image":{"@id":"https:\/\/www.lusol.com.uy\/index.php\/producto\/cielorrasos-antihongos-mate\/#primaryimage"},"thumbnailUrl":"https:\/\/www.lusol.com.uy\/wp-content\/uploads\/2017\/12\/LUSOL-Cielorrasos.png","datePublished":"2017-12-28T20:44:33+00:00","dateModified":"2023-05-24T22:52:10+00:00","breadcrumb":{"@id":"https:\/\/www.lusol.com.uy\/index.php\/producto\/cielorrasos-antihongos-mate\/#breadcrumb"},"inLanguage":"es","potentialAction":[{"@type":"ReadAction","target":["https:\/\/www.lusol.com.uy\/index.php\/producto\/cielorrasos-antihongos-mate\/"]}]},{"@type":"ImageObject","inLanguage":"es","@id":"https:\/\/www.lusol.com.uy\/index.php\/producto\/cielorrasos-antihongos-mate\/#primaryimage","url":"https:\/\/www.lusol.com.uy\/wp-content\/uploads\/2017\/12\/LUSOL-Cielorrasos.png","contentUrl":"https:\/\/www.lusol.com.uy\/wp-content\/uploads\/2017\/12\/LUSOL-Cielorrasos.png","width":2796,"height":2916},{"@type":"BreadcrumbList","@id":"https:\/\/www.lusol.com.uy\/index.php\/producto\/cielorrasos-antihongos-mate\/#breadcrumb","itemListElement":[{"@type":"ListItem","position":1,"name":"Portada","item":"https:\/\/www.lusol.com.uy\/"},{"@type":"ListItem","position":2,"name":"LUSOL Pinturas","item":"https:\/\/www.lusol.com.uy\/"},{"@type":"ListItem","position":3,"name":"Cielorrasos Antihongos Mate"}]},{"@type":"WebSite","@id":"https:\/\/www.lusol.com.uy\/#website","url":"https:\/\/www.lusol.com.uy\/","name":"LUSOL Pinturas","description":"","potentialAction":[{"@type":"SearchAction","target":{"@type":"EntryPoint","urlTemplate":"https:\/\/www.lusol.com.uy\/?s={search_term_string}"},"query-input":{"@type":"PropertyValueSpecification","valueRequired":true,"valueName":"search_term_string"}}],"inLanguage":"es"}]}},"_links":{"self":[{"href":"https:\/\/www.lusol.com.uy\/index.php\/wp-json\/wp\/v2\/product\/226","targetHints":{"allow":["GET"]}}],"collection":[{"href":"https:\/\/www.lusol.com.uy\/index.php\/wp-json\/wp\/v2\/product"}],"about":[{"href":"https:\/\/www.lusol.com.uy\/index.php\/wp-json\/wp\/v2\/types\/product"}],"wp:featuredmedia":[{"embeddable":true,"href":"https:\/\/www.lusol.com.uy\/index.php\/wp-json\/wp\/v2\/media\/42"}],"wp:attachment":[{"href":"https:\/\/www.lusol.com.uy\/index.php\/wp-json\/wp\/v2\/media?parent=226"}],"wp:term":[{"taxonomy":"product_brand","embeddable":true,"href":"https:\/\/www.lusol.com.uy\/index.php\/wp-json\/wp\/v2\/product_brand?post=226"},{"taxonomy":"product_cat","embeddable":true,"href":"https:\/\/www.lusol.com.uy\/index.php\/wp-json\/wp\/v2\/product_cat?post=226"},{"taxonomy":"product_tag","embeddable":true,"href":"https:\/\/www.lusol.com.uy\/index.php\/wp-json\/wp\/v2\/product_tag?post=226"}],"curies":[{"name":"wp","href":"https:\/\/api.w.org\/{rel}","templated":true}]}}