{"id":17,"date":"2017-12-28T20:18:49","date_gmt":"2017-12-28T20:18:49","guid":{"rendered":"http:\/\/localhost\/weblusol\/?post_type=product&#038;p=17"},"modified":"2023-05-24T19:23:05","modified_gmt":"2023-05-24T22:23:05","slug":"protector-de-madera-al-agua","status":"publish","type":"product","link":"https:\/\/www.lusol.com.uy\/index.php\/producto\/protector-de-madera-al-agua\/","title":{"rendered":"Protector de Maderas al Agua"},"content":{"rendered":"","protected":false},"excerpt":{"rendered":"<h2><span style=\"color: #794e2f;\"><strong>PROTECTOR DE MADERAS AL AGUA\u00a0<\/strong><\/span><\/h2>\n<ul>\n<li style=\"text-align: left;\">Repele el agua, r\u00e1pido secado y bajo olor<\/li>\n<li style=\"text-align: left;\">Mayor resistencia a la interperie<\/li>\n<li style=\"text-align: left;\">Uso interior y exterior<\/li>\n<li style=\"text-align: left;\">Triple filtro solar<\/li>\n<\/ul>\n<p>Recubrimiento a base de agua, de r\u00e1pido secado y resistente al tr\u00e1nsito que protege la madera del sol y del agua. Es un producto hidrorrepelente que seca en 60 minutos. No ampolla, no se agrieta ni descascara y es muy f\u00e1cil de aplicar y mantener. Evita los da\u00f1os provocados por rayos UV, ya que contiene filtros solares de \u00faltima generaci\u00f3n. Es ideal para todo tipo de maderas de uso interior o exterior: decks, sendas, escaleras exteriores, portones, puertas, marcos, ventanas, aleros, cortinas, revestimientos de madera, etc. No apta para inmersi\u00f3n al agua.<\/p>\n<p><img loading=\"lazy\" decoding=\"async\" class=\"alignnone wp-image-363 size-full\" src=\"https:\/\/www.lusol.com.uy\/wp-content\/uploads\/2018\/03\/colores_maderas-al-agua.png\" alt=\"\" width=\"284\" height=\"119\" \/><\/p>\n<table class=\"aligncenter\">\n<tbody>\n<tr>\n<th style=\"text-align: center;\">Rendimiento<\/th>\n<th>Secado<\/th>\n<th>Acabado<\/th>\n<\/tr>\n<tr>\n<td>8 a 12m2<br \/>\n(por litro y por mano)<\/td>\n<td>1 hora<br \/>\nRepintado a las 3 horas<\/td>\n<td>Satinado<\/td>\n<\/tr>\n<\/tbody>\n<\/table>\n<p><a class=\"btn btn-dark\" href=\"https:\/\/www.lusol.com.uy\/wp-content\/uploads\/2017\/12\/FICHA-TECNICA-LUSOL_PROTECTOR-DE-MADERAS-AL-AGUA.pdf\" target=\"_blank\" rel=\"noopener\">Ver ficha t\u00e9cnica<\/a><\/p>\n","protected":false},"featured_media":45,"template":"","meta":{"_acf_changed":false},"product_brand":[],"product_cat":[20],"product_tag":[],"class_list":{"0":"post-17","1":"product","2":"type-product","3":"status-publish","4":"has-post-thumbnail","6":"product_cat-productos-para-maderas-lusol","8":"first","9":"outofstock","10":"shipping-taxable","11":"product-type-simple"},"acf":[],"yoast_head":"<!-- This site is optimized with the Yoast SEO plugin v27.4 - https:\/\/yoast.com\/product\/yoast-seo-wordpress\/ -->\n<title>Protector de Maderas al Agua - Lusol<\/title>\n<meta name=\"robots\" content=\"index, follow, max-snippet:-1, max-image-preview:large, max-video-preview:-1\" \/>\n<link rel=\"canonical\" href=\"https:\/\/www.lusol.com.uy\/index.php\/producto\/protector-de-madera-al-agua\/\" \/>\n<meta property=\"og:locale\" content=\"es_ES\" \/>\n<meta property=\"og:type\" content=\"article\" \/>\n<meta property=\"og:title\" content=\"Protector de Maderas al Agua - Lusol\" \/>\n<meta property=\"og:description\" content=\"PROTECTOR DE MADERAS AL AGUA\u00a0   Repele el agua, r\u00e1pido secado y bajo olor  Mayor resistencia a la interperie  Uso interior y exterior  Triple filtro solar  Recubrimiento a base de agua, de r\u00e1pido secado y resistente al tr\u00e1nsito que protege la madera del sol y del agua. Es un producto hidrorrepelente que seca en 60 minutos. No ampolla, no se agrieta ni descascara y es muy f\u00e1cil de aplicar y mantener. Evita los da\u00f1os provocados por rayos UV, ya que contiene filtros solares de \u00faltima generaci\u00f3n. Es ideal para todo tipo de maderas de uso interior o exterior: decks, sendas, escaleras exteriores, portones, puertas, marcos, ventanas, aleros, cortinas, revestimientos de madera, etc. No apta para inmersi\u00f3n al agua.      Rendimiento Secado Acabado   8 a 12m2 (por litro y por mano) 1 hora Repintado a las 3 horas Satinado    Ver ficha t\u00e9cnica\" \/>\n<meta property=\"og:url\" content=\"https:\/\/www.lusol.com.uy\/index.php\/producto\/protector-de-madera-al-agua\/\" \/>\n<meta property=\"og:site_name\" content=\"LUSOL Pinturas\" \/>\n<meta property=\"article:modified_time\" content=\"2023-05-24T22:23:05+00:00\" \/>\n<meta property=\"og:image\" content=\"https:\/\/www.lusol.com.uy\/wp-content\/uploads\/2017\/12\/LUSOL-Protector-de-maderas-al-agua-934x1024.png\" \/>\n\t<meta property=\"og:image:width\" content=\"934\" \/>\n\t<meta property=\"og:image:height\" content=\"1024\" \/>\n\t<meta property=\"og:image:type\" content=\"image\/png\" \/>\n<meta name=\"twitter:card\" content=\"summary_large_image\" \/>\n<script type=\"application\/ld+json\" class=\"yoast-schema-graph\">{\"@context\":\"https:\\\/\\\/schema.org\",\"@graph\":[{\"@type\":\"WebPage\",\"@id\":\"https:\\\/\\\/www.lusol.com.uy\\\/index.php\\\/producto\\\/protector-de-madera-al-agua\\\/\",\"url\":\"https:\\\/\\\/www.lusol.com.uy\\\/index.php\\\/producto\\\/protector-de-madera-al-agua\\\/\",\"name\":\"Protector de Maderas al Agua - Lusol\",\"isPartOf\":{\"@id\":\"https:\\\/\\\/www.lusol.com.uy\\\/#website\"},\"primaryImageOfPage\":{\"@id\":\"https:\\\/\\\/www.lusol.com.uy\\\/index.php\\\/producto\\\/protector-de-madera-al-agua\\\/#primaryimage\"},\"image\":{\"@id\":\"https:\\\/\\\/www.lusol.com.uy\\\/index.php\\\/producto\\\/protector-de-madera-al-agua\\\/#primaryimage\"},\"thumbnailUrl\":\"https:\\\/\\\/www.lusol.com.uy\\\/wp-content\\\/uploads\\\/2017\\\/12\\\/LUSOL-Protector-de-maderas-al-agua.png\",\"datePublished\":\"2017-12-28T20:18:49+00:00\",\"dateModified\":\"2023-05-24T22:23:05+00:00\",\"breadcrumb\":{\"@id\":\"https:\\\/\\\/www.lusol.com.uy\\\/index.php\\\/producto\\\/protector-de-madera-al-agua\\\/#breadcrumb\"},\"inLanguage\":\"es\",\"potentialAction\":[{\"@type\":\"ReadAction\",\"target\":[\"https:\\\/\\\/www.lusol.com.uy\\\/index.php\\\/producto\\\/protector-de-madera-al-agua\\\/\"]}]},{\"@type\":\"ImageObject\",\"inLanguage\":\"es\",\"@id\":\"https:\\\/\\\/www.lusol.com.uy\\\/index.php\\\/producto\\\/protector-de-madera-al-agua\\\/#primaryimage\",\"url\":\"https:\\\/\\\/www.lusol.com.uy\\\/wp-content\\\/uploads\\\/2017\\\/12\\\/LUSOL-Protector-de-maderas-al-agua.png\",\"contentUrl\":\"https:\\\/\\\/www.lusol.com.uy\\\/wp-content\\\/uploads\\\/2017\\\/12\\\/LUSOL-Protector-de-maderas-al-agua.png\",\"width\":2804,\"height\":3075},{\"@type\":\"BreadcrumbList\",\"@id\":\"https:\\\/\\\/www.lusol.com.uy\\\/index.php\\\/producto\\\/protector-de-madera-al-agua\\\/#breadcrumb\",\"itemListElement\":[{\"@type\":\"ListItem\",\"position\":1,\"name\":\"Portada\",\"item\":\"https:\\\/\\\/www.lusol.com.uy\\\/\"},{\"@type\":\"ListItem\",\"position\":2,\"name\":\"LUSOL Pinturas\",\"item\":\"https:\\\/\\\/www.lusol.com.uy\\\/\"},{\"@type\":\"ListItem\",\"position\":3,\"name\":\"Protector de Maderas al Agua\"}]},{\"@type\":\"WebSite\",\"@id\":\"https:\\\/\\\/www.lusol.com.uy\\\/#website\",\"url\":\"https:\\\/\\\/www.lusol.com.uy\\\/\",\"name\":\"LUSOL Pinturas\",\"description\":\"\",\"potentialAction\":[{\"@type\":\"SearchAction\",\"target\":{\"@type\":\"EntryPoint\",\"urlTemplate\":\"https:\\\/\\\/www.lusol.com.uy\\\/?s={search_term_string}\"},\"query-input\":{\"@type\":\"PropertyValueSpecification\",\"valueRequired\":true,\"valueName\":\"search_term_string\"}}],\"inLanguage\":\"es\"}]}<\/script>\n<!-- \/ Yoast SEO plugin. -->","yoast_head_json":{"title":"Protector de Maderas al Agua - Lusol","robots":{"index":"index","follow":"follow","max-snippet":"max-snippet:-1","max-image-preview":"max-image-preview:large","max-video-preview":"max-video-preview:-1"},"canonical":"https:\/\/www.lusol.com.uy\/index.php\/producto\/protector-de-madera-al-agua\/","og_locale":"es_ES","og_type":"article","og_title":"Protector de Maderas al Agua - Lusol","og_description":"PROTECTOR DE MADERAS AL AGUA\u00a0   Repele el agua, r\u00e1pido secado y bajo olor  Mayor resistencia a la interperie  Uso interior y exterior  Triple filtro solar  Recubrimiento a base de agua, de r\u00e1pido secado y resistente al tr\u00e1nsito que protege la madera del sol y del agua. Es un producto hidrorrepelente que seca en 60 minutos. No ampolla, no se agrieta ni descascara y es muy f\u00e1cil de aplicar y mantener. Evita los da\u00f1os provocados por rayos UV, ya que contiene filtros solares de \u00faltima generaci\u00f3n. Es ideal para todo tipo de maderas de uso interior o exterior: decks, sendas, escaleras exteriores, portones, puertas, marcos, ventanas, aleros, cortinas, revestimientos de madera, etc. No apta para inmersi\u00f3n al agua.      Rendimiento Secado Acabado   8 a 12m2 (por litro y por mano) 1 hora Repintado a las 3 horas Satinado    Ver ficha t\u00e9cnica","og_url":"https:\/\/www.lusol.com.uy\/index.php\/producto\/protector-de-madera-al-agua\/","og_site_name":"LUSOL Pinturas","article_modified_time":"2023-05-24T22:23:05+00:00","og_image":[{"width":934,"height":1024,"url":"https:\/\/www.lusol.com.uy\/wp-content\/uploads\/2017\/12\/LUSOL-Protector-de-maderas-al-agua-934x1024.png","type":"image\/png"}],"twitter_card":"summary_large_image","schema":{"@context":"https:\/\/schema.org","@graph":[{"@type":"WebPage","@id":"https:\/\/www.lusol.com.uy\/index.php\/producto\/protector-de-madera-al-agua\/","url":"https:\/\/www.lusol.com.uy\/index.php\/producto\/protector-de-madera-al-agua\/","name":"Protector de Maderas al Agua - Lusol","isPartOf":{"@id":"https:\/\/www.lusol.com.uy\/#website"},"primaryImageOfPage":{"@id":"https:\/\/www.lusol.com.uy\/index.php\/producto\/protector-de-madera-al-agua\/#primaryimage"},"image":{"@id":"https:\/\/www.lusol.com.uy\/index.php\/producto\/protector-de-madera-al-agua\/#primaryimage"},"thumbnailUrl":"https:\/\/www.lusol.com.uy\/wp-content\/uploads\/2017\/12\/LUSOL-Protector-de-maderas-al-agua.png","datePublished":"2017-12-28T20:18:49+00:00","dateModified":"2023-05-24T22:23:05+00:00","breadcrumb":{"@id":"https:\/\/www.lusol.com.uy\/index.php\/producto\/protector-de-madera-al-agua\/#breadcrumb"},"inLanguage":"es","potentialAction":[{"@type":"ReadAction","target":["https:\/\/www.lusol.com.uy\/index.php\/producto\/protector-de-madera-al-agua\/"]}]},{"@type":"ImageObject","inLanguage":"es","@id":"https:\/\/www.lusol.com.uy\/index.php\/producto\/protector-de-madera-al-agua\/#primaryimage","url":"https:\/\/www.lusol.com.uy\/wp-content\/uploads\/2017\/12\/LUSOL-Protector-de-maderas-al-agua.png","contentUrl":"https:\/\/www.lusol.com.uy\/wp-content\/uploads\/2017\/12\/LUSOL-Protector-de-maderas-al-agua.png","width":2804,"height":3075},{"@type":"BreadcrumbList","@id":"https:\/\/www.lusol.com.uy\/index.php\/producto\/protector-de-madera-al-agua\/#breadcrumb","itemListElement":[{"@type":"ListItem","position":1,"name":"Portada","item":"https:\/\/www.lusol.com.uy\/"},{"@type":"ListItem","position":2,"name":"LUSOL Pinturas","item":"https:\/\/www.lusol.com.uy\/"},{"@type":"ListItem","position":3,"name":"Protector de Maderas al Agua"}]},{"@type":"WebSite","@id":"https:\/\/www.lusol.com.uy\/#website","url":"https:\/\/www.lusol.com.uy\/","name":"LUSOL Pinturas","description":"","potentialAction":[{"@type":"SearchAction","target":{"@type":"EntryPoint","urlTemplate":"https:\/\/www.lusol.com.uy\/?s={search_term_string}"},"query-input":{"@type":"PropertyValueSpecification","valueRequired":true,"valueName":"search_term_string"}}],"inLanguage":"es"}]}},"_links":{"self":[{"href":"https:\/\/www.lusol.com.uy\/index.php\/wp-json\/wp\/v2\/product\/17","targetHints":{"allow":["GET"]}}],"collection":[{"href":"https:\/\/www.lusol.com.uy\/index.php\/wp-json\/wp\/v2\/product"}],"about":[{"href":"https:\/\/www.lusol.com.uy\/index.php\/wp-json\/wp\/v2\/types\/product"}],"wp:featuredmedia":[{"embeddable":true,"href":"https:\/\/www.lusol.com.uy\/index.php\/wp-json\/wp\/v2\/media\/45"}],"wp:attachment":[{"href":"https:\/\/www.lusol.com.uy\/index.php\/wp-json\/wp\/v2\/media?parent=17"}],"wp:term":[{"taxonomy":"product_brand","embeddable":true,"href":"https:\/\/www.lusol.com.uy\/index.php\/wp-json\/wp\/v2\/product_brand?post=17"},{"taxonomy":"product_cat","embeddable":true,"href":"https:\/\/www.lusol.com.uy\/index.php\/wp-json\/wp\/v2\/product_cat?post=17"},{"taxonomy":"product_tag","embeddable":true,"href":"https:\/\/www.lusol.com.uy\/index.php\/wp-json\/wp\/v2\/product_tag?post=17"}],"curies":[{"name":"wp","href":"https:\/\/api.w.org\/{rel}","templated":true}]}}