{"id":2,"date":"2017-12-16T12:05:31","date_gmt":"2017-12-16T12:05:31","guid":{"rendered":"http:\/\/localhost\/weblusol\/?page_id=2"},"modified":"2018-01-10T22:58:18","modified_gmt":"2018-01-10T22:58:18","slug":"puntos-de-venta-lusol","status":"publish","type":"page","link":"https:\/\/www.lusol.com.uy\/index.php\/puntos-de-venta-lusol\/","title":{"rendered":"Puntos de venta (tabla)"},"content":{"rendered":"<p style=\"border-bottom: 1px solid#dd052b;\"><span style=\"color: #004b93;\"><strong>En Canelones<\/strong><\/span><\/p>\n<table style=\"height: 442px;\" width=\"714\">\n<tbody>\n<tr>\n<td style=\"width: 286px;\"><span style=\"font-family: verdana, geneva, sans-serif;\">KROSER BELLO HORIZONTE<\/span><\/td>\n<td style=\"width: 412px;\"><span style=\"font-family: verdana, geneva, sans-serif;\">CALLE 30 (CANELONES)<\/span><\/td>\n<\/tr>\n<tr>\n<td style=\"width: 286px;\"><span style=\"font-family: verdana, geneva, sans-serif;\">KROSER PLAZA<\/span><\/td>\n<td style=\"width: 412px;\"><span style=\"font-family: verdana, geneva, sans-serif;\">P.ROSA GIFUNI (CANELONES)<\/span><\/td>\n<\/tr>\n<tr>\n<td style=\"width: 286px;\"><span style=\"font-family: verdana, geneva, sans-serif;\">TEMESIO &#8211; SUPERMERCADO DE LA PINTURA<\/span><\/td>\n<td style=\"width: 412px;\"><span style=\"font-family: verdana, geneva, sans-serif;\">GIANNATTASIO KM 22.500<\/span><\/td>\n<\/tr>\n<tr>\n<td style=\"width: 286px;\"><span style=\"font-family: verdana, geneva, sans-serif;\">SODIMAC HOMECENTER<\/span><\/td>\n<td style=\"width: 412px;\"><span style=\"font-family: verdana, geneva, sans-serif;\">GIANNATTASIO KM 16<\/span><\/td>\n<\/tr>\n<tr>\n<td style=\"width: 286px;\"><span style=\"font-family: verdana, geneva, sans-serif;\">CIFER (SERIVON)<\/span><\/td>\n<td style=\"width: 412px;\"><span style=\"font-family: verdana, geneva, sans-serif;\">JOSE ENRIQUE RODO 412 (CANELONES)<\/span><\/td>\n<\/tr>\n<tr>\n<td style=\"width: 286px;\"><span style=\"font-family: verdana, geneva, sans-serif;\">CIFER (EL HORNERO)<\/span><\/td>\n<td style=\"width: 412px;\"><span style=\"font-family: verdana, geneva, sans-serif;\">AV. CALCAGNO CASI URUGUAY (SHANGRILA)<\/span><\/td>\n<\/tr>\n<tr>\n<td style=\"width: 286px;\"><span style=\"font-family: verdana, geneva, sans-serif;\">CIFER (FERRARO Y\u00a0 TALAYER)<\/span><\/td>\n<td style=\"width: 412px;\"><span style=\"font-family: verdana, geneva, sans-serif;\">LAVALLEJA Y ORIBE (LA FLORESTA)<\/span><\/td>\n<\/tr>\n<tr>\n<td style=\"width: 286px;\"><span style=\"font-family: verdana, geneva, sans-serif;\">MERLEX (FERBAC)<\/span><\/td>\n<td style=\"width: 412px;\"><span style=\"font-family: verdana, geneva, sans-serif;\">AV.ROOSVELT 1130 (PANDO)<\/span><\/td>\n<\/tr>\n<tr>\n<td style=\"width: 286px;\"><span style=\"font-family: verdana, geneva, sans-serif;\">CENTROCOLOR<\/span><\/td>\n<td style=\"width: 412px;\"><span style=\"font-family: verdana, geneva, sans-serif;\">Av. Giannattasio esquina Calle Central<\/span><\/td>\n<\/tr>\n<\/tbody>\n<\/table>\n<p>&nbsp;<\/p>\n<p style=\"border-bottom: 1px solid#dd052b;\"><span style=\"color: #004b93;\"><strong>En Colonia<\/strong><\/span><\/p>\n<table style=\"height: 36px;\" border=\"0\" width=\"686\" cellspacing=\"0\">\n<tbody>\n<tr>\n<td style=\"width: 259px;\" align=\"left\" valign=\"bottom\" height=\"20\"><span style=\"color: #000000; font-family: verdana, geneva, sans-serif;\">KROSER NADISUR<\/span><\/td>\n<td style=\"width: 417px;\" align=\"left\" valign=\"bottom\"><span style=\"color: #000000; font-family: verdana, geneva, sans-serif;\">ELOY GARCIA 1142 (COLONIA)<\/span><\/td>\n<\/tr>\n<\/tbody>\n<\/table>\n<p>&nbsp;<\/p>\n<p style=\"border-bottom: 1px solid#dd052b;\"><span style=\"color: #004b93;\"><strong>En Montevideo<\/strong><\/span><\/p>\n<table style=\"height: 1343px;\" width=\"726\">\n<tbody>\n<tr>\n<td style=\"width: 324px;\"><span style=\"font-family: verdana, geneva, sans-serif;\">KROSER CARRASCO<\/span><\/td>\n<td style=\"width: 386px;\"><span style=\"font-family: verdana, geneva, sans-serif;\">AV.ITALIA 5490<\/span><\/td>\n<\/tr>\n<tr>\n<td style=\"width: 324px;\"><span style=\"font-family: verdana, geneva, sans-serif;\">KROSER NELMAR<\/span><\/td>\n<td style=\"width: 386px;\"><span style=\"font-family: verdana, geneva, sans-serif;\">AV.ITALIA 5758<\/span><\/td>\n<\/tr>\n<tr>\n<td style=\"width: 324px;\"><span style=\"font-family: verdana, geneva, sans-serif;\">KROSER BAZAR Y FERRET.SORIANO<\/span><\/td>\n<td style=\"width: 386px;\"><span style=\"font-family: verdana, geneva, sans-serif;\">SAN JOSE 1009<\/span><\/td>\n<\/tr>\n<tr>\n<td style=\"width: 324px;\"><span style=\"font-family: verdana, geneva, sans-serif;\">KROSER CERRO<\/span><\/td>\n<td style=\"width: 386px;\"><span style=\"font-family: verdana, geneva, sans-serif;\">CARLOS M.RAMIREZ 1490<\/span><\/td>\n<\/tr>\n<tr>\n<td style=\"width: 324px;\"><span style=\"font-family: verdana, geneva, sans-serif;\">KROSER POGGI<\/span><\/td>\n<td style=\"width: 386px;\"><span style=\"font-family: verdana, geneva, sans-serif;\">GRECIA 3702<\/span><\/td>\n<\/tr>\n<tr>\n<td style=\"width: 324px;\"><span style=\"font-family: verdana, geneva, sans-serif;\">KROSER FLONAT<\/span><\/td>\n<td style=\"width: 386px;\"><span style=\"font-family: verdana, geneva, sans-serif;\">25 DE MAYO 233<\/span><\/td>\n<\/tr>\n<tr>\n<td style=\"width: 324px;\"><span style=\"font-family: verdana, geneva, sans-serif;\">KROSER MENEGUZZI<\/span><\/td>\n<td style=\"width: 386px;\"><span style=\"font-family: verdana, geneva, sans-serif;\">GARZON 1979<\/span><\/td>\n<\/tr>\n<tr>\n<td style=\"width: 324px;\"><span style=\"font-family: verdana, geneva, sans-serif;\">KROSER CASTELMAR<\/span><\/td>\n<td style=\"width: 386px;\"><span style=\"font-family: verdana, geneva, sans-serif;\">PROPIOS 3393<\/span><\/td>\n<\/tr>\n<tr>\n<td style=\"width: 324px;\"><span style=\"font-family: verdana, geneva, sans-serif;\">KROSER SUBATEX<\/span><\/td>\n<td style=\"width: 386px;\"><span style=\"font-family: verdana, geneva, sans-serif;\">AV.ITALIA 3267<\/span><\/td>\n<\/tr>\n<tr>\n<td style=\"width: 324px;\"><span style=\"font-family: verdana, geneva, sans-serif;\">KROSER PEREZ Y RVERA<\/span><\/td>\n<td style=\"width: 386px;\"><span style=\"font-family: verdana, geneva, sans-serif;\">LUIS B.BERRES 6586<\/span><\/td>\n<\/tr>\n<tr>\n<td style=\"width: 324px;\"><span style=\"font-family: verdana, geneva, sans-serif;\">KROSER SANTO<\/span><\/td>\n<td style=\"width: 386px;\"><span style=\"font-family: verdana, geneva, sans-serif;\">AV.MILLAN 2727<\/span><\/td>\n<\/tr>\n<tr>\n<td style=\"width: 324px;\"><span style=\"font-family: verdana, geneva, sans-serif;\">KROSER FALCO<\/span><\/td>\n<td style=\"width: 386px;\"><span style=\"font-family: verdana, geneva, sans-serif;\">8 DE OCTUBRE 4077<\/span><\/td>\n<\/tr>\n<tr>\n<td style=\"width: 324px;\"><span style=\"font-family: verdana, geneva, sans-serif;\">KROSER FERREMAR<\/span><\/td>\n<td style=\"width: 386px;\"><span style=\"font-family: verdana, geneva, sans-serif;\">8 DE OCTUBRE 4078<\/span><\/td>\n<\/tr>\n<tr>\n<td style=\"width: 324px;\"><span style=\"font-family: verdana, geneva, sans-serif;\">PINTURERIA DOLSA<\/span><\/td>\n<td style=\"width: 386px;\"><span style=\"font-family: verdana, geneva, sans-serif;\">EJIDO 1502<\/span><\/td>\n<\/tr>\n<tr>\n<td style=\"width: 324px;\"><span style=\"font-family: verdana, geneva, sans-serif;\">TEMESIO &#8211; SUPERMERCADO DE LA PINTURA<\/span><\/td>\n<td style=\"width: 386px;\"><span style=\"font-family: verdana, geneva, sans-serif;\">GRAL.FLORES 3650<\/span><\/td>\n<\/tr>\n<tr>\n<td style=\"width: 324px;\"><span style=\"font-family: verdana, geneva, sans-serif;\">TEMESIO &#8211; SUPERMERCADO DE LA PINTURA<\/span><\/td>\n<td style=\"width: 386px;\"><span style=\"font-family: verdana, geneva, sans-serif;\">Jos\u00e9 Belloni 4287<\/span><\/td>\n<\/tr>\n<tr>\n<td style=\"width: 324px;\"><span style=\"font-family: verdana, geneva, sans-serif;\">SODIMAC HOMECENTER<\/span><\/td>\n<td style=\"width: 386px;\"><span style=\"font-family: verdana, geneva, sans-serif;\">BLVR. BATTLLE Y ORDO\u00d1EZ ESQ. BELL<\/span><\/td>\n<\/tr>\n<tr>\n<td style=\"width: 324px;\"><span style=\"font-family: verdana, geneva, sans-serif;\">FERRETERIA AGUADA<\/span><\/td>\n<td style=\"width: 386px;\"><span style=\"font-family: verdana, geneva, sans-serif;\">AV LIBERTADOR 2002<\/span><\/td>\n<\/tr>\n<tr>\n<td style=\"width: 324px;\"><span style=\"font-family: verdana, geneva, sans-serif;\">CASTER<\/span><\/td>\n<td style=\"width: 386px;\"><span style=\"font-family: verdana, geneva, sans-serif;\">LUIS ALBERTO DE HERRERA 4350<\/span><\/td>\n<\/tr>\n<tr>\n<td style=\"width: 324px;\"><span style=\"font-family: verdana, geneva, sans-serif;\">CIFER (ALTAMIRA)<\/span><\/td>\n<td style=\"width: 386px;\"><span style=\"font-family: verdana, geneva, sans-serif;\">SAN MARTIN 3647<\/span><\/td>\n<\/tr>\n<tr>\n<td style=\"width: 324px;\"><span style=\"font-family: verdana, geneva, sans-serif;\">CIFER (MARCOS BRANDA)<\/span><\/td>\n<td style=\"width: 386px;\"><span style=\"font-family: verdana, geneva, sans-serif;\">GARIBALDI 2534<\/span><\/td>\n<\/tr>\n<tr>\n<td style=\"width: 324px;\"><span style=\"font-family: verdana, geneva, sans-serif;\">CIFER (LUMA)<\/span><\/td>\n<td style=\"width: 386px;\"><span style=\"font-family: verdana, geneva, sans-serif;\">CON.MALDONADO 6131<\/span><\/td>\n<\/tr>\n<tr>\n<td style=\"width: 324px;\"><span style=\"font-family: verdana, geneva, sans-serif;\">CIFER (VARELA HNOS)<\/span><\/td>\n<td style=\"width: 386px;\"><span style=\"font-family: verdana, geneva, sans-serif;\">25 MAYO 382<\/span><\/td>\n<\/tr>\n<tr>\n<td style=\"width: 324px;\"><span style=\"font-family: verdana, geneva, sans-serif;\">CIFER (ANDREA TRIMANI)<\/span><\/td>\n<td style=\"width: 386px;\"><span style=\"font-family: verdana, geneva, sans-serif;\">AV SAYAGO 1300<\/span><\/td>\n<\/tr>\n<tr>\n<td style=\"width: 324px;\"><span style=\"font-family: verdana, geneva, sans-serif;\">CIFER (RANIREY)<\/span><\/td>\n<td style=\"width: 386px;\"><span style=\"font-family: verdana, geneva, sans-serif;\">RIVERA 2501<\/span><\/td>\n<\/tr>\n<tr>\n<td style=\"width: 324px;\"><span style=\"font-family: verdana, geneva, sans-serif;\">GONZALEZ HNOS<\/span><\/td>\n<td style=\"width: 386px;\"><span style=\"font-family: verdana, geneva, sans-serif;\">SOLANO LOPEZ 1671<\/span><\/td>\n<\/tr>\n<tr>\n<td style=\"width: 324px;\"><span style=\"font-family: verdana, geneva, sans-serif;\">FERROCOLOMBES<\/span><\/td>\n<td style=\"width: 386px;\"><span style=\"font-family: verdana, geneva, sans-serif;\">COLOMBES ESQ ASAMBLEA<\/span><\/td>\n<\/tr>\n<tr>\n<td style=\"width: 324px;\"><span style=\"font-family: verdana, geneva, sans-serif;\">BARRACA ELISEO (FERBAC)<\/span><\/td>\n<td style=\"width: 386px;\"><span style=\"font-family: verdana, geneva, sans-serif;\">CAMINO CARRASCO 5974<\/span><\/td>\n<\/tr>\n<tr>\n<td style=\"width: 324px;\"><span style=\"font-family: verdana, geneva, sans-serif;\">SERPA Y CIA (FERBAC)<\/span><\/td>\n<td style=\"width: 386px;\"><span style=\"font-family: verdana, geneva, sans-serif;\">RIVERA 3513<\/span><\/td>\n<\/tr>\n<tr>\n<td style=\"width: 324px;\"><span style=\"font-family: verdana, geneva, sans-serif;\">LA CHACARITA (FERBAC)<\/span><\/td>\n<td style=\"width: 386px;\"><span style=\"font-family: verdana, geneva, sans-serif;\">CAM. MALDONADO 7760 KM 16<\/span><\/td>\n<\/tr>\n<tr>\n<td style=\"width: 324px;\"><span style=\"font-family: verdana, geneva, sans-serif;\">PINTURERIA NALON<\/span><\/td>\n<td style=\"width: 386px;\"><span style=\"font-family: verdana, geneva, sans-serif;\">AV.BRASIL 2543 (CASA CENTRAL)<\/span><\/td>\n<\/tr>\n<tr>\n<td style=\"width: 324px;\"><span style=\"font-family: verdana, geneva, sans-serif;\">PINTURERIA NALON<\/span><\/td>\n<td style=\"width: 386px;\"><span style=\"font-family: verdana, geneva, sans-serif;\">GABRIEL PEREIRA ESQ. CHUCARRO<\/span><\/td>\n<\/tr>\n<tr>\n<td style=\"width: 324px;\"><span style=\"font-family: verdana, geneva, sans-serif;\">CENTROCOLOR<\/span><\/td>\n<td style=\"width: 386px;\"><span style=\"font-family: verdana, geneva, sans-serif;\">Av. Gral. Flores 2251 (CASA CENTRAL)<\/span><\/td>\n<\/tr>\n<tr>\n<td style=\"width: 324px;\"><span style=\"font-family: verdana, geneva, sans-serif;\">CENTROCOLOR<\/span><\/td>\n<td style=\"width: 386px;\"><span style=\"font-family: verdana, geneva, sans-serif;\">Cno. Carrasco 4517<\/span><\/td>\n<\/tr>\n<tr>\n<td style=\"width: 324px;\"><span style=\"font-family: verdana, geneva, sans-serif;\">CENTROCOLOR<\/span><\/td>\n<td style=\"width: 386px;\"><span style=\"font-family: verdana, geneva, sans-serif;\">Av. Gral. Eugenio Garz\u00f3n 259 esquina Emancipaci\u00f3n<\/span><\/td>\n<\/tr>\n<tr>\n<td style=\"width: 324px;\"><span style=\"font-family: verdana, geneva, sans-serif;\">CENTROCOLOR<\/span><\/td>\n<td style=\"width: 386px;\"><span style=\"font-family: verdana, geneva, sans-serif;\">Bv. Jos\u00e9 Batlle y Ord\u00f3\u00f1ez 2490<\/span><\/td>\n<\/tr>\n<tr>\n<td style=\"width: 324px;\"><span style=\"font-family: verdana, geneva, sans-serif;\">CENTROCOLOR<\/span><\/td>\n<td style=\"width: 386px;\"><span style=\"font-family: verdana, geneva, sans-serif;\">Av. Gral. Flores 4065<\/span><\/td>\n<\/tr>\n<tr>\n<td style=\"width: 324px;\"><span style=\"font-family: verdana, geneva, sans-serif;\">A TODO COLOR PINTURAS<\/span><\/td>\n<td style=\"width: 386px;\"><span style=\"font-family: verdana, geneva, sans-serif;\">LUIS ALBERTO DE HERRERA 2591 (CASA CENTRAL)<\/span><\/td>\n<\/tr>\n<tr>\n<td style=\"width: 324px;\"><span style=\"font-family: verdana, geneva, sans-serif;\">A TODO COLOR PINTURAS<\/span><\/td>\n<td style=\"width: 386px;\"><span style=\"font-family: verdana, geneva, sans-serif;\">LUIS ALBERTO DE HERRERA 2575 (OUTLET)<\/span><\/td>\n<\/tr>\n<tr>\n<td style=\"width: 324px;\"><span style=\"font-family: verdana, geneva, sans-serif;\">A TODO COLOR PINTURAS<\/span><\/td>\n<td style=\"width: 386px;\"><span style=\"font-family: verdana, geneva, sans-serif;\">AV. ITALIA 3909<\/span><\/td>\n<\/tr>\n<\/tbody>\n<\/table>\n<p>&nbsp;<\/p>\n<p style=\"border-bottom: 1px solid#dd052b;\"><span style=\"color: #004b93;\"><strong>En Fray Bentos<\/strong><\/span><\/p>\n<table style=\"height: 63px;\" width=\"716\">\n<tbody>\n<tr>\n<td style=\"width: 228px;\"><span style=\"font-family: verdana, geneva, sans-serif;\">KROSER PLANETA<\/span><\/td>\n<td style=\"width: 472px;\"><span style=\"font-family: verdana, geneva, sans-serif;\">ZORRILA ESQ VARELA (FRAY BENTOS)<\/span><\/td>\n<\/tr>\n<\/tbody>\n<\/table>\n<p>&nbsp;<\/p>\n<p style=\"border-bottom: 1px solid#dd052b;\"><span style=\"color: #004b93;\"><strong>En Minas<\/strong><\/span><\/p>\n<table style=\"height: 70px;\" width=\"722\">\n<tbody>\n<tr>\n<td style=\"width: 404px;\"><span style=\"font-family: verdana, geneva, sans-serif;\">A TODO COLOR PINTURAS<\/span><\/td>\n<td style=\"width: 302px;\"><span style=\"font-family: verdana, geneva, sans-serif;\">18 DE JULIO 899 BIS<\/span><\/td>\n<\/tr>\n<\/tbody>\n<\/table>\n<p>&nbsp;<\/p>\n<p style=\"border-bottom: 1px solid#dd052b;\"><span style=\"color: #004b93;\"><strong>En Paysand\u00fa<\/strong><\/span><\/p>\n<table style=\"height: 50px;\" width=\"724\">\n<tbody>\n<tr>\n<td style=\"width: 317px;\"><span style=\"font-family: verdana, geneva, sans-serif;\">SPECTRUM PINTURAS<\/span><\/td>\n<td style=\"width: 391px;\"><span style=\"font-family: verdana, geneva, sans-serif;\">18 JULIO 1364 (PAYSANDU)<\/span><\/td>\n<\/tr>\n<\/tbody>\n<\/table>\n<p>&nbsp;<\/p>\n<p style=\"border-bottom: 1px solid#dd052b;\"><span style=\"color: #004b93;\"><strong>En Las Piedras<\/strong><\/span><\/p>\n<table style=\"height: 63px;\" width=\"724\">\n<tbody>\n<tr>\n<td style=\"width: 237px;\"><span style=\"font-family: verdana, geneva, sans-serif;\">CENTROCOLOR<\/span><\/td>\n<td style=\"width: 471px;\"><span style=\"font-family: verdana, geneva, sans-serif;\">Av. Dr. Pouey y Batlle y Ordo\u00f1ez 2251<\/span><\/td>\n<\/tr>\n<\/tbody>\n<\/table>\n<p>&nbsp;<\/p>\n<p style=\"border-bottom: 1px solid#dd052b;\"><span style=\"color: #004b93;\"><strong>En Maldonado<\/strong><\/span><\/p>\n<table style=\"height: 160px;\" width=\"726\">\n<tbody>\n<tr>\n<td style=\"width: 251px;\"><span style=\"font-family: verdana, geneva, sans-serif;\">SODIMAC HOMECENTER<\/span><\/td>\n<td style=\"width: 459px;\"><span style=\"font-family: verdana, geneva, sans-serif;\">RUTA 39 ESQ. LUIS A. DE HERRERA<\/span><\/td>\n<\/tr>\n<tr>\n<td style=\"width: 251px;\"><span style=\"font-family: verdana, geneva, sans-serif;\">CIFER (PITANGA)<\/span><\/td>\n<td style=\"width: 459px;\"><span style=\"font-family: verdana, geneva, sans-serif;\">FLORIDA ESQ SAN CARLOS (MALDONADO)<\/span><\/td>\n<\/tr>\n<tr>\n<td style=\"width: 251px;\"><span style=\"font-family: verdana, geneva, sans-serif;\">A TODO COLOR PINTURAS<\/span><\/td>\n<td style=\"width: 459px;\"><span style=\"font-family: verdana, geneva, sans-serif;\">ACU\u00d1A DEL FIGEROA ENTRE SUECIA E ISLANDIA<\/span><\/td>\n<\/tr>\n<\/tbody>\n<\/table>\n","protected":false},"excerpt":{"rendered":"<p>En Canelones KROSER BELLO HORIZONTE CALLE 30 (CANELONES) KROSER PLAZA P.ROSA GIFUNI (CANELONES) TEMESIO &#8211; SUPERMERCADO DE LA PINTURA GIANNATTASIO KM 22.500 SODIMAC HOMECENTER GIANNATTASIO KM 16 CIFER (SERIVON) JOSE ENRIQUE RODO 412 (CANELONES) CIFER (EL HORNERO) AV. CALCAGNO CASI URUGUAY (SHANGRILA) CIFER (FERRARO Y\u00a0 TALAYER) LAVALLEJA Y ORIBE (LA FLORESTA) MERLEX (FERBAC) AV.ROOSVELT 1130 [&hellip;]<\/p>\n","protected":false},"author":4,"featured_media":0,"parent":0,"menu_order":0,"comment_status":"closed","ping_status":"closed","template":"","meta":{"_acf_changed":false,"footnotes":""},"class_list":["post-2","page","type-page","status-publish"],"acf":[],"yoast_head":"<!-- This site is optimized with the Yoast SEO plugin v27.2 - https:\/\/yoast.com\/product\/yoast-seo-wordpress\/ -->\n<title>Puntos de venta (tabla) - LUSOL Pinturas<\/title>\n<meta name=\"robots\" content=\"index, follow, max-snippet:-1, max-image-preview:large, max-video-preview:-1\" \/>\n<link rel=\"canonical\" href=\"https:\/\/www.lusol.com.uy\/index.php\/puntos-de-venta-lusol\/\" \/>\n<meta property=\"og:locale\" content=\"es_ES\" \/>\n<meta property=\"og:type\" content=\"article\" \/>\n<meta property=\"og:title\" content=\"Puntos de venta (tabla) - LUSOL Pinturas\" \/>\n<meta property=\"og:description\" content=\"En Canelones KROSER BELLO HORIZONTE CALLE 30 (CANELONES) KROSER PLAZA P.ROSA GIFUNI (CANELONES) TEMESIO &#8211; SUPERMERCADO DE LA PINTURA GIANNATTASIO KM 22.500 SODIMAC HOMECENTER GIANNATTASIO KM 16 CIFER (SERIVON) JOSE ENRIQUE RODO 412 (CANELONES) CIFER (EL HORNERO) AV. CALCAGNO CASI URUGUAY (SHANGRILA) CIFER (FERRARO Y\u00a0 TALAYER) LAVALLEJA Y ORIBE (LA FLORESTA) MERLEX (FERBAC) AV.ROOSVELT 1130 [&hellip;]\" \/>\n<meta property=\"og:url\" content=\"https:\/\/www.lusol.com.uy\/index.php\/puntos-de-venta-lusol\/\" \/>\n<meta property=\"og:site_name\" content=\"LUSOL Pinturas\" \/>\n<meta property=\"article:modified_time\" content=\"2018-01-10T22:58:18+00:00\" \/>\n<meta name=\"twitter:card\" content=\"summary_large_image\" \/>\n<meta name=\"twitter:label1\" content=\"Tiempo de lectura\" \/>\n\t<meta name=\"twitter:data1\" content=\"2 minutos\" \/>\n<script type=\"application\/ld+json\" class=\"yoast-schema-graph\">{\"@context\":\"https:\/\/schema.org\",\"@graph\":[{\"@type\":\"WebPage\",\"@id\":\"https:\/\/www.lusol.com.uy\/index.php\/puntos-de-venta-lusol\/\",\"url\":\"https:\/\/www.lusol.com.uy\/index.php\/puntos-de-venta-lusol\/\",\"name\":\"Puntos de venta (tabla) - LUSOL Pinturas\",\"isPartOf\":{\"@id\":\"https:\/\/www.lusol.com.uy\/#website\"},\"datePublished\":\"2017-12-16T12:05:31+00:00\",\"dateModified\":\"2018-01-10T22:58:18+00:00\",\"breadcrumb\":{\"@id\":\"https:\/\/www.lusol.com.uy\/index.php\/puntos-de-venta-lusol\/#breadcrumb\"},\"inLanguage\":\"es\",\"potentialAction\":[{\"@type\":\"ReadAction\",\"target\":[\"https:\/\/www.lusol.com.uy\/index.php\/puntos-de-venta-lusol\/\"]}]},{\"@type\":\"BreadcrumbList\",\"@id\":\"https:\/\/www.lusol.com.uy\/index.php\/puntos-de-venta-lusol\/#breadcrumb\",\"itemListElement\":[{\"@type\":\"ListItem\",\"position\":1,\"name\":\"Portada\",\"item\":\"https:\/\/www.lusol.com.uy\/\"},{\"@type\":\"ListItem\",\"position\":2,\"name\":\"Puntos de venta (tabla)\"}]},{\"@type\":\"WebSite\",\"@id\":\"https:\/\/www.lusol.com.uy\/#website\",\"url\":\"https:\/\/www.lusol.com.uy\/\",\"name\":\"LUSOL Pinturas\",\"description\":\"\",\"potentialAction\":[{\"@type\":\"SearchAction\",\"target\":{\"@type\":\"EntryPoint\",\"urlTemplate\":\"https:\/\/www.lusol.com.uy\/?s={search_term_string}\"},\"query-input\":{\"@type\":\"PropertyValueSpecification\",\"valueRequired\":true,\"valueName\":\"search_term_string\"}}],\"inLanguage\":\"es\"}]}<\/script>\n<!-- \/ Yoast SEO plugin. -->","yoast_head_json":{"title":"Puntos de venta (tabla) - LUSOL Pinturas","robots":{"index":"index","follow":"follow","max-snippet":"max-snippet:-1","max-image-preview":"max-image-preview:large","max-video-preview":"max-video-preview:-1"},"canonical":"https:\/\/www.lusol.com.uy\/index.php\/puntos-de-venta-lusol\/","og_locale":"es_ES","og_type":"article","og_title":"Puntos de venta (tabla) - LUSOL Pinturas","og_description":"En Canelones KROSER BELLO HORIZONTE CALLE 30 (CANELONES) KROSER PLAZA P.ROSA GIFUNI (CANELONES) TEMESIO &#8211; SUPERMERCADO DE LA PINTURA GIANNATTASIO KM 22.500 SODIMAC HOMECENTER GIANNATTASIO KM 16 CIFER (SERIVON) JOSE ENRIQUE RODO 412 (CANELONES) CIFER (EL HORNERO) AV. CALCAGNO CASI URUGUAY (SHANGRILA) CIFER (FERRARO Y\u00a0 TALAYER) LAVALLEJA Y ORIBE (LA FLORESTA) MERLEX (FERBAC) AV.ROOSVELT 1130 [&hellip;]","og_url":"https:\/\/www.lusol.com.uy\/index.php\/puntos-de-venta-lusol\/","og_site_name":"LUSOL Pinturas","article_modified_time":"2018-01-10T22:58:18+00:00","twitter_card":"summary_large_image","twitter_misc":{"Tiempo de lectura":"2 minutos"},"schema":{"@context":"https:\/\/schema.org","@graph":[{"@type":"WebPage","@id":"https:\/\/www.lusol.com.uy\/index.php\/puntos-de-venta-lusol\/","url":"https:\/\/www.lusol.com.uy\/index.php\/puntos-de-venta-lusol\/","name":"Puntos de venta (tabla) - LUSOL Pinturas","isPartOf":{"@id":"https:\/\/www.lusol.com.uy\/#website"},"datePublished":"2017-12-16T12:05:31+00:00","dateModified":"2018-01-10T22:58:18+00:00","breadcrumb":{"@id":"https:\/\/www.lusol.com.uy\/index.php\/puntos-de-venta-lusol\/#breadcrumb"},"inLanguage":"es","potentialAction":[{"@type":"ReadAction","target":["https:\/\/www.lusol.com.uy\/index.php\/puntos-de-venta-lusol\/"]}]},{"@type":"BreadcrumbList","@id":"https:\/\/www.lusol.com.uy\/index.php\/puntos-de-venta-lusol\/#breadcrumb","itemListElement":[{"@type":"ListItem","position":1,"name":"Portada","item":"https:\/\/www.lusol.com.uy\/"},{"@type":"ListItem","position":2,"name":"Puntos de venta (tabla)"}]},{"@type":"WebSite","@id":"https:\/\/www.lusol.com.uy\/#website","url":"https:\/\/www.lusol.com.uy\/","name":"LUSOL Pinturas","description":"","potentialAction":[{"@type":"SearchAction","target":{"@type":"EntryPoint","urlTemplate":"https:\/\/www.lusol.com.uy\/?s={search_term_string}"},"query-input":{"@type":"PropertyValueSpecification","valueRequired":true,"valueName":"search_term_string"}}],"inLanguage":"es"}]}},"_links":{"self":[{"href":"https:\/\/www.lusol.com.uy\/index.php\/wp-json\/wp\/v2\/pages\/2","targetHints":{"allow":["GET"]}}],"collection":[{"href":"https:\/\/www.lusol.com.uy\/index.php\/wp-json\/wp\/v2\/pages"}],"about":[{"href":"https:\/\/www.lusol.com.uy\/index.php\/wp-json\/wp\/v2\/types\/page"}],"author":[{"embeddable":true,"href":"https:\/\/www.lusol.com.uy\/index.php\/wp-json\/wp\/v2\/users\/4"}],"replies":[{"embeddable":true,"href":"https:\/\/www.lusol.com.uy\/index.php\/wp-json\/wp\/v2\/comments?post=2"}],"version-history":[{"count":0,"href":"https:\/\/www.lusol.com.uy\/index.php\/wp-json\/wp\/v2\/pages\/2\/revisions"}],"wp:attachment":[{"href":"https:\/\/www.lusol.com.uy\/index.php\/wp-json\/wp\/v2\/media?parent=2"}],"curies":[{"name":"wp","href":"https:\/\/api.w.org\/{rel}","templated":true}]}}