{"id":180,"date":"2017-12-26T19:46:43","date_gmt":"2017-12-26T19:46:43","guid":{"rendered":"http:\/\/local.lusol.com.uy.vfct17011.avnam.net\/?page_id=180"},"modified":"2023-05-24T18:29:20","modified_gmt":"2023-05-24T21:29:20","slug":"contactenos","status":"publish","type":"page","link":"https:\/\/www.lusol.com.uy\/index.php\/contactenos\/","title":{"rendered":"Contacto"},"content":{"rendered":"<div style=\"width: 100%; margin: auto; min-width: 300px;\">\n<p style=\"text-align: left;\">Comunicate a trav\u00e9s del siguiente formulario de contacto o escr\u00edbenos un mail a <a href=\"mailto:ventas@lusol.com.uy\">ventas@lusol.com.uy<\/a><\/p>\n<p style=\"text-align: left;\">\n<div class=\"wpcf7 no-js\" id=\"wpcf7-f179-o1\" lang=\"es-ES\" dir=\"ltr\" data-wpcf7-id=\"179\">\n<div class=\"screen-reader-response\"><p role=\"status\" aria-live=\"polite\" aria-atomic=\"true\"><\/p> <ul><\/ul><\/div>\n<form action=\"\/index.php\/wp-json\/wp\/v2\/pages\/180#wpcf7-f179-o1\" method=\"post\" class=\"wpcf7-form init wpcf7-acceptance-as-validation\" aria-label=\"Formulario de contacto\" novalidate=\"novalidate\" data-status=\"init\">\n<fieldset class=\"hidden-fields-container\"><input type=\"hidden\" name=\"_wpcf7\" value=\"179\" \/><input type=\"hidden\" name=\"_wpcf7_version\" value=\"6.1.5\" \/><input type=\"hidden\" name=\"_wpcf7_locale\" value=\"es_ES\" \/><input type=\"hidden\" name=\"_wpcf7_unit_tag\" value=\"wpcf7-f179-o1\" \/><input type=\"hidden\" name=\"_wpcf7_container_post\" value=\"0\" \/><input type=\"hidden\" name=\"_wpcf7_posted_data_hash\" value=\"\" \/><input type=\"hidden\" name=\"_wpcf7_recaptcha_response\" value=\"\" \/>\n<\/fieldset>\n<p><label> Nombre (requerido)<br \/>\n<span class=\"wpcf7-form-control-wrap\" data-name=\"your-name\"><input size=\"40\" maxlength=\"400\" class=\"wpcf7-form-control wpcf7-text wpcf7-validates-as-required\" aria-required=\"true\" aria-invalid=\"false\" value=\"\" type=\"text\" name=\"your-name\" \/><\/span> <\/label>\n<\/p>\n<p><label> Tu correo electr\u00f3nico (requerido)<br \/>\n<span class=\"wpcf7-form-control-wrap\" data-name=\"your-email\"><input size=\"40\" maxlength=\"400\" class=\"wpcf7-form-control wpcf7-email wpcf7-validates-as-required wpcf7-text wpcf7-validates-as-email\" aria-required=\"true\" aria-invalid=\"false\" value=\"\" type=\"email\" name=\"your-email\" \/><\/span> <\/label>\n<\/p>\n<p><label> Asunto<br \/>\n<span class=\"wpcf7-form-control-wrap\" data-name=\"your-subject\"><input size=\"40\" maxlength=\"400\" class=\"wpcf7-form-control wpcf7-text\" aria-invalid=\"false\" value=\"\" type=\"text\" name=\"your-subject\" \/><\/span> <\/label>\n<\/p>\n<p><label> Mensaje<br \/>\n<span class=\"wpcf7-form-control-wrap\" data-name=\"your-message\"><textarea cols=\"40\" rows=\"10\" maxlength=\"2000\" class=\"wpcf7-form-control wpcf7-textarea\" aria-invalid=\"false\" name=\"your-message\"><\/textarea><\/span> <\/label>\n<\/p>\n<p><span class=\"wpcf7-form-control-wrap\" data-name=\"privacy-consent\"><span class=\"wpcf7-form-control wpcf7-acceptance\"><span class=\"wpcf7-list-item\"><label><input type=\"checkbox\" name=\"privacy-consent\" value=\"1\" aria-invalid=\"false\" \/><span class=\"wpcf7-list-item-label\">Estoy de acuerdo en recibir informaci\u00f3n de Sherwin-Williams acerca de mi inquietud.\n<p>Utilizamos los detalles que proporcionas aqu\u00ed para responder a tu consulta.<a target='blank' href='https:\/\/privacy.sherwin-williams.com\/privacy-policy'>Valoramos tu privacidad.<\/a><\/p><\/span><\/label><\/span><\/span><\/span>\n<\/p>\n<p><input class=\"wpcf7-form-control wpcf7-submit has-spinner btn btn-dark\" type=\"submit\" value=\"Enviar\" \/>\n<\/p><div class=\"wpcf7-response-output\" aria-hidden=\"true\"><\/div>\n<\/form>\n<\/div>\n<\/p>\n<p style=\"text-align: left;\">Tambi\u00e9n pod\u00e9s llamarnos al 0800 &#8211; 5566 o al (598) 095-785- 794.<\/p>\n<\/div>\n","protected":false},"excerpt":{"rendered":"<p>Comunicate a trav\u00e9s del siguiente formulario de contacto o escr\u00edbenos un mail a ventas@lusol.com.uy Tambi\u00e9n pod\u00e9s llamarnos al 0800 &#8211; 5566 o al (598) 095-785- 794.<\/p>\n","protected":false},"author":4,"featured_media":197,"parent":0,"menu_order":0,"comment_status":"closed","ping_status":"closed","template":"","meta":{"_acf_changed":false,"footnotes":""},"class_list":["post-180","page","type-page","status-publish","has-post-thumbnail"],"acf":[],"yoast_head":"<!-- This site is optimized with the Yoast SEO plugin v27.4 - https:\/\/yoast.com\/product\/yoast-seo-wordpress\/ -->\n<title>Contacto - Lusol<\/title>\n<meta name=\"robots\" content=\"index, follow, max-snippet:-1, max-image-preview:large, max-video-preview:-1\" \/>\n<link rel=\"canonical\" href=\"https:\/\/www.lusol.com.uy\/index.php\/contactenos\/\" \/>\n<meta property=\"og:locale\" content=\"es_ES\" \/>\n<meta property=\"og:type\" content=\"article\" \/>\n<meta property=\"og:title\" content=\"Contacto - Lusol\" \/>\n<meta property=\"og:description\" content=\"Comunicate a trav\u00e9s del siguiente formulario de contacto o escr\u00edbenos un mail a ventas@lusol.com.uy Tambi\u00e9n pod\u00e9s llamarnos al 0800 &#8211; 5566 o al (598) 095-785- 794.\" \/>\n<meta property=\"og:url\" content=\"https:\/\/www.lusol.com.uy\/index.php\/contactenos\/\" \/>\n<meta property=\"og:site_name\" content=\"LUSOL Pinturas\" \/>\n<meta property=\"article:modified_time\" content=\"2023-05-24T21:29:20+00:00\" \/>\n<meta property=\"og:image\" content=\"https:\/\/www.lusol.com.uy\/wp-content\/uploads\/2017\/12\/s3.jpg\" \/>\n\t<meta property=\"og:image:width\" content=\"1920\" \/>\n\t<meta property=\"og:image:height\" content=\"1329\" \/>\n\t<meta property=\"og:image:type\" content=\"image\/jpeg\" \/>\n<meta name=\"twitter:card\" content=\"summary_large_image\" \/>\n<meta name=\"twitter:label1\" content=\"Tiempo de lectura\" \/>\n\t<meta name=\"twitter:data1\" content=\"1 minuto\" \/>\n<script type=\"application\/ld+json\" class=\"yoast-schema-graph\">{\"@context\":\"https:\\\/\\\/schema.org\",\"@graph\":[{\"@type\":\"WebPage\",\"@id\":\"https:\\\/\\\/www.lusol.com.uy\\\/index.php\\\/contactenos\\\/\",\"url\":\"https:\\\/\\\/www.lusol.com.uy\\\/index.php\\\/contactenos\\\/\",\"name\":\"Contacto - Lusol\",\"isPartOf\":{\"@id\":\"https:\\\/\\\/www.lusol.com.uy\\\/#website\"},\"primaryImageOfPage\":{\"@id\":\"https:\\\/\\\/www.lusol.com.uy\\\/index.php\\\/contactenos\\\/#primaryimage\"},\"image\":{\"@id\":\"https:\\\/\\\/www.lusol.com.uy\\\/index.php\\\/contactenos\\\/#primaryimage\"},\"thumbnailUrl\":\"https:\\\/\\\/www.lusol.com.uy\\\/wp-content\\\/uploads\\\/2017\\\/12\\\/s3.jpg\",\"datePublished\":\"2017-12-26T19:46:43+00:00\",\"dateModified\":\"2023-05-24T21:29:20+00:00\",\"breadcrumb\":{\"@id\":\"https:\\\/\\\/www.lusol.com.uy\\\/index.php\\\/contactenos\\\/#breadcrumb\"},\"inLanguage\":\"es\",\"potentialAction\":[{\"@type\":\"ReadAction\",\"target\":[\"https:\\\/\\\/www.lusol.com.uy\\\/index.php\\\/contactenos\\\/\"]}]},{\"@type\":\"ImageObject\",\"inLanguage\":\"es\",\"@id\":\"https:\\\/\\\/www.lusol.com.uy\\\/index.php\\\/contactenos\\\/#primaryimage\",\"url\":\"https:\\\/\\\/www.lusol.com.uy\\\/wp-content\\\/uploads\\\/2017\\\/12\\\/s3.jpg\",\"contentUrl\":\"https:\\\/\\\/www.lusol.com.uy\\\/wp-content\\\/uploads\\\/2017\\\/12\\\/s3.jpg\",\"width\":1920,\"height\":1329},{\"@type\":\"BreadcrumbList\",\"@id\":\"https:\\\/\\\/www.lusol.com.uy\\\/index.php\\\/contactenos\\\/#breadcrumb\",\"itemListElement\":[{\"@type\":\"ListItem\",\"position\":1,\"name\":\"Portada\",\"item\":\"https:\\\/\\\/www.lusol.com.uy\\\/\"},{\"@type\":\"ListItem\",\"position\":2,\"name\":\"Contacto\"}]},{\"@type\":\"WebSite\",\"@id\":\"https:\\\/\\\/www.lusol.com.uy\\\/#website\",\"url\":\"https:\\\/\\\/www.lusol.com.uy\\\/\",\"name\":\"LUSOL Pinturas\",\"description\":\"\",\"potentialAction\":[{\"@type\":\"SearchAction\",\"target\":{\"@type\":\"EntryPoint\",\"urlTemplate\":\"https:\\\/\\\/www.lusol.com.uy\\\/?s={search_term_string}\"},\"query-input\":{\"@type\":\"PropertyValueSpecification\",\"valueRequired\":true,\"valueName\":\"search_term_string\"}}],\"inLanguage\":\"es\"}]}<\/script>\n<!-- \/ Yoast SEO plugin. -->","yoast_head_json":{"title":"Contacto - Lusol","robots":{"index":"index","follow":"follow","max-snippet":"max-snippet:-1","max-image-preview":"max-image-preview:large","max-video-preview":"max-video-preview:-1"},"canonical":"https:\/\/www.lusol.com.uy\/index.php\/contactenos\/","og_locale":"es_ES","og_type":"article","og_title":"Contacto - Lusol","og_description":"Comunicate a trav\u00e9s del siguiente formulario de contacto o escr\u00edbenos un mail a ventas@lusol.com.uy Tambi\u00e9n pod\u00e9s llamarnos al 0800 &#8211; 5566 o al (598) 095-785- 794.","og_url":"https:\/\/www.lusol.com.uy\/index.php\/contactenos\/","og_site_name":"LUSOL Pinturas","article_modified_time":"2023-05-24T21:29:20+00:00","og_image":[{"width":1920,"height":1329,"url":"https:\/\/www.lusol.com.uy\/wp-content\/uploads\/2017\/12\/s3.jpg","type":"image\/jpeg"}],"twitter_card":"summary_large_image","twitter_misc":{"Tiempo de lectura":"1 minuto"},"schema":{"@context":"https:\/\/schema.org","@graph":[{"@type":"WebPage","@id":"https:\/\/www.lusol.com.uy\/index.php\/contactenos\/","url":"https:\/\/www.lusol.com.uy\/index.php\/contactenos\/","name":"Contacto - Lusol","isPartOf":{"@id":"https:\/\/www.lusol.com.uy\/#website"},"primaryImageOfPage":{"@id":"https:\/\/www.lusol.com.uy\/index.php\/contactenos\/#primaryimage"},"image":{"@id":"https:\/\/www.lusol.com.uy\/index.php\/contactenos\/#primaryimage"},"thumbnailUrl":"https:\/\/www.lusol.com.uy\/wp-content\/uploads\/2017\/12\/s3.jpg","datePublished":"2017-12-26T19:46:43+00:00","dateModified":"2023-05-24T21:29:20+00:00","breadcrumb":{"@id":"https:\/\/www.lusol.com.uy\/index.php\/contactenos\/#breadcrumb"},"inLanguage":"es","potentialAction":[{"@type":"ReadAction","target":["https:\/\/www.lusol.com.uy\/index.php\/contactenos\/"]}]},{"@type":"ImageObject","inLanguage":"es","@id":"https:\/\/www.lusol.com.uy\/index.php\/contactenos\/#primaryimage","url":"https:\/\/www.lusol.com.uy\/wp-content\/uploads\/2017\/12\/s3.jpg","contentUrl":"https:\/\/www.lusol.com.uy\/wp-content\/uploads\/2017\/12\/s3.jpg","width":1920,"height":1329},{"@type":"BreadcrumbList","@id":"https:\/\/www.lusol.com.uy\/index.php\/contactenos\/#breadcrumb","itemListElement":[{"@type":"ListItem","position":1,"name":"Portada","item":"https:\/\/www.lusol.com.uy\/"},{"@type":"ListItem","position":2,"name":"Contacto"}]},{"@type":"WebSite","@id":"https:\/\/www.lusol.com.uy\/#website","url":"https:\/\/www.lusol.com.uy\/","name":"LUSOL Pinturas","description":"","potentialAction":[{"@type":"SearchAction","target":{"@type":"EntryPoint","urlTemplate":"https:\/\/www.lusol.com.uy\/?s={search_term_string}"},"query-input":{"@type":"PropertyValueSpecification","valueRequired":true,"valueName":"search_term_string"}}],"inLanguage":"es"}]}},"_links":{"self":[{"href":"https:\/\/www.lusol.com.uy\/index.php\/wp-json\/wp\/v2\/pages\/180","targetHints":{"allow":["GET"]}}],"collection":[{"href":"https:\/\/www.lusol.com.uy\/index.php\/wp-json\/wp\/v2\/pages"}],"about":[{"href":"https:\/\/www.lusol.com.uy\/index.php\/wp-json\/wp\/v2\/types\/page"}],"author":[{"embeddable":true,"href":"https:\/\/www.lusol.com.uy\/index.php\/wp-json\/wp\/v2\/users\/4"}],"replies":[{"embeddable":true,"href":"https:\/\/www.lusol.com.uy\/index.php\/wp-json\/wp\/v2\/comments?post=180"}],"version-history":[{"count":0,"href":"https:\/\/www.lusol.com.uy\/index.php\/wp-json\/wp\/v2\/pages\/180\/revisions"}],"wp:featuredmedia":[{"embeddable":true,"href":"https:\/\/www.lusol.com.uy\/index.php\/wp-json\/wp\/v2\/media\/197"}],"wp:attachment":[{"href":"https:\/\/www.lusol.com.uy\/index.php\/wp-json\/wp\/v2\/media?parent=180"}],"curies":[{"name":"wp","href":"https:\/\/api.w.org\/{rel}","templated":true}]}}